{"id":1463,"date":"2026-02-27T18:13:55","date_gmt":"2026-02-27T17:13:55","guid":{"rendered":"https:\/\/martina-gerdts.de\/?page_id=1463"},"modified":"2026-02-28T00:25:00","modified_gmt":"2026-02-27T23:25:00","slug":"portugiesisch-einzelunterricht-online","status":"publish","type":"page","link":"https:\/\/martina-gerdts.de\/en\/portugiesisch-einzelunterricht-online\/","title":{"rendered":"Portugiesisch Einzelunterricht Online"},"content":{"rendered":"\n<h2 class=\"wp-block-heading\">Portugiesisch f\u00fcr dein Leben (Niveaus: ohne Vorkenntnisse, A1, A2)<\/h2>\n\n\n\n<p>In diesem Kurs lernst du Portugiesisch f\u00fcr dein Leben. Du arbeitest f\u00fcr portugiesischsprachige Kund*innen, deine Partnerin spricht Portugiesisch, dein Enkel lebt in einem portugiesischsprachigen Land, du m\u00f6chtest in ein portugiesischsprachiges Land auswandern?<\/p>\n\n\n\n<p>Wenn du noch wenige (oder keine) Vorkenntnisse des Portugiesischen hast und Portugiesisch f\u00fcr dein Leben lernen willst und bereit bist, langfristig an deinen Sprachf\u00e4higkeiten zu arbeiten, dann ist &#8220;Portugiesisch f\u00fcr dein Leben&#8221; das passende Angebot f\u00fcr dich. <\/p>\n\n\n\n<p>Bei Interesse, melde dich gern per E-Mail an mich!<\/p>\n\n\n\n<h2 class=\"wp-block-heading\">Reflexionsbogen zur Vorbereitung<\/h2>\n\n\n\n<div data-wp-interactive=\"core\/file\" class=\"wp-block-file\"><object data-wp-bind--hidden=\"!state.hasPdfPreview\" hidden class=\"wp-block-file__embed\" data=\"https:\/\/martina-gerdts.de\/wp-content\/uploads\/2026\/02\/Reflexion-und-Planung_Portugiesisch2026_WEB.pdf\" type=\"application\/pdf\" style=\"width:100%;height:600px\" aria-label=\"Embed of Reflexion und Planung_Portugiesisch2026_WEB.\"><\/object><a id=\"wp-block-file--media-1bb0cd50-8915-484e-8a1f-4ac7c45e6d91\" href=\"https:\/\/martina-gerdts.de\/wp-content\/uploads\/2026\/02\/Reflexion-und-Planung_Portugiesisch2026_WEB.pdf\">Reflexion und Planung_Portugiesisch2026_WEB<\/a><a href=\"https:\/\/martina-gerdts.de\/wp-content\/uploads\/2026\/02\/Reflexion-und-Planung_Portugiesisch2026_WEB.pdf\" class=\"wp-block-file__button wp-element-button\" download aria-describedby=\"wp-block-file--media-1bb0cd50-8915-484e-8a1f-4ac7c45e6d91\">Herunterladen<\/a><\/div>\n","protected":false},"excerpt":{"rendered":"<p>Portugiesisch f\u00fcr dein Leben (Niveaus: ohne Vorkenntnisse, A1, A2) In diesem Kurs lernst du Portugiesisch f\u00fcr dein Leben. Du arbeitest f\u00fcr portugiesischsprachige Kund*innen, deine Partnerin spricht Portugiesisch, dein Enkel lebt in einem portugiesischsprachigen Land, du m\u00f6chtest in ein portugiesischsprachiges Land auswandern? Wenn du noch wenige (oder keine) Vorkenntnisse des Portugiesischen hast und Portugiesisch f\u00fcr dein &hellip; <\/p>\n<p class=\"link-more\"><a href=\"https:\/\/martina-gerdts.de\/en\/portugiesisch-einzelunterricht-online\/\" class=\"more-link\">Continue reading<span class=\"screen-reader-text\"> &#8220;Portugiesisch Einzelunterricht Online&#8221;<\/span><\/a><\/p>\n","protected":false},"author":1,"featured_media":0,"parent":0,"menu_order":0,"comment_status":"closed","ping_status":"closed","template":"","meta":{"footnotes":""},"class_list":["post-1463","page","type-page","status-publish","hentry"],"translation":{"provider":"WPGlobus","version":"3.0.2","language":"en","enabled_languages":["de","en","pt"],"languages":{"de":{"title":true,"content":true,"excerpt":false},"en":{"title":false,"content":false,"excerpt":false},"pt":{"title":false,"content":false,"excerpt":false}}},"_links":{"self":[{"href":"https:\/\/martina-gerdts.de\/en\/wp-json\/wp\/v2\/pages\/1463","targetHints":{"allow":["GET"]}}],"collection":[{"href":"https:\/\/martina-gerdts.de\/en\/wp-json\/wp\/v2\/pages"}],"about":[{"href":"https:\/\/martina-gerdts.de\/en\/wp-json\/wp\/v2\/types\/page"}],"author":[{"embeddable":true,"href":"https:\/\/martina-gerdts.de\/en\/wp-json\/wp\/v2\/users\/1"}],"replies":[{"embeddable":true,"href":"https:\/\/martina-gerdts.de\/en\/wp-json\/wp\/v2\/comments?post=1463"}],"version-history":[{"count":2,"href":"https:\/\/martina-gerdts.de\/en\/wp-json\/wp\/v2\/pages\/1463\/revisions"}],"predecessor-version":[{"id":1512,"href":"https:\/\/martina-gerdts.de\/en\/wp-json\/wp\/v2\/pages\/1463\/revisions\/1512"}],"wp:attachment":[{"href":"https:\/\/martina-gerdts.de\/en\/wp-json\/wp\/v2\/media?parent=1463"}],"curies":[{"name":"wp","href":"https:\/\/api.w.org\/{rel}","templated":true}]}}