{"id":1496,"date":"2026-02-27T22:54:15","date_gmt":"2026-02-27T21:54:15","guid":{"rendered":"https:\/\/martina-gerdts.de\/?page_id=1496"},"modified":"2026-03-05T14:22:20","modified_gmt":"2026-03-05T13:22:20","slug":"next-talk-at-polyglot-gathering-online-2026","status":"publish","type":"page","link":"https:\/\/martina-gerdts.de\/en\/next-talk-at-polyglot-gathering-online-2026\/","title":{"rendered":"My talk at: Polyglot Gathering Online 2026!"},"content":{"rendered":"\n<h2 class=\"wp-block-heading\">My talk at: Polyglot Gathering Online 2026!<\/h2>\n\n\n<div class=\"wp-block-image\">\n<figure class=\"aligncenter size-large is-resized\"><img loading=\"lazy\" decoding=\"async\" width=\"700\" height=\"798\" src=\"https:\/\/martina-gerdts.de\/wp-content\/uploads\/2026\/02\/MartinaGerdts_PG2026-1-700x798.png\" alt=\"Martina Gerdts vor einem B\u00fccherregal mit Sprachlernmaterial und daneben einem Schrank mit Brettspielen.\" class=\"wp-image-1502\" style=\"aspect-ratio:0.8771936959837315;width:367px;height:auto\" srcset=\"https:\/\/martina-gerdts.de\/wp-content\/uploads\/2026\/02\/MartinaGerdts_PG2026-1-700x798.png 700w, https:\/\/martina-gerdts.de\/wp-content\/uploads\/2026\/02\/MartinaGerdts_PG2026-1-263x300.png 263w, https:\/\/martina-gerdts.de\/wp-content\/uploads\/2026\/02\/MartinaGerdts_PG2026-1-768x876.png 768w, https:\/\/martina-gerdts.de\/wp-content\/uploads\/2026\/02\/MartinaGerdts_PG2026-1.png 1026w\" sizes=\"auto, (max-width: 700px) 100vw, 700px\" \/><figcaption class=\"wp-element-caption\">Spiele lassen sich bestens mit dem Sprachenlernen kombinieren, so auch Schach! Foto: Martina Gerdts<\/figcaption><\/figure>\n<\/div>\n\n\n<p>Mein n\u00e4chster Vortrag verbindet meine beiden Leidenschaften: Sprachenlernen und Schach. Der Vortrag mit dem Titel &#8220;Turning your hobby into a language learning opportunity: Ajedrez en ingl\u00e9s, espa\u00f1ol y alem\u00e1n&#8221; findet am 5. M\u00e4rz 2026 um 12 Uhr im Rahmen des <a href=\"https:\/\/www.polyglotgathering.com\/2026\/en\/online\/program\/\">Polyglot Gathering 2026<\/a> statt. In diesem Vortrag werde ich auf Spanisch, Englisch und Deutsch dar\u00fcber reden, wie man ein Hobby wie Schach als M\u00f6glichkeitengeber nutzen kann, um das eigene Sprachenlernen anzutreiben.<\/p>\n\n\n\n<p>Zur Anmeldung zum Vortrag und zur Konferenz, bitte auf die <a href=\"https:\/\/www.polyglotgathering.com\/2026\/en\/online\/program\/\">Seite der Veranstaltung wechseln<\/a>. <\/p>\n\n\n\n<p><strong>The slides to my talk &#8211; Das Material zum Vortrag &#8211; El material de la conferencia<\/strong><\/p>\n\n\n\n<div data-wp-interactive=\"core\/file\" class=\"wp-block-file\"><object data-wp-bind--hidden=\"!state.hasPdfPreview\" hidden class=\"wp-block-file__embed\" data=\"https:\/\/martina-gerdts.de\/wp-content\/uploads\/2026\/03\/MartinaGerdts_PG2026_Ajedrez.pdf\" type=\"application\/pdf\" style=\"width:100%;height:622px\" aria-label=\"Embed of MartinaGerdts_PG2026_Ajedrez.\"><\/object><a id=\"wp-block-file--media-fc6584a4-bb14-4ade-a6c6-0c8d462c57d0\" href=\"https:\/\/martina-gerdts.de\/wp-content\/uploads\/2026\/03\/MartinaGerdts_PG2026_Ajedrez.pdf\">MartinaGerdts_PG2026_Ajedrez<\/a><a href=\"https:\/\/martina-gerdts.de\/wp-content\/uploads\/2026\/03\/MartinaGerdts_PG2026_Ajedrez.pdf\" class=\"wp-block-file__button wp-element-button\" download aria-describedby=\"wp-block-file--media-fc6584a4-bb14-4ade-a6c6-0c8d462c57d0\">Download<\/a><\/div>\n\n\n\n<p><\/p>\n\n\n\n<p>I&#8217;m inviting you to check out <a href=\"https:\/\/lichess.org\/@\/MartinaGe\/blog\/chess-notation-puzzle-algebraic-notation-in-several-languages\/2uLIZvvG\">my article about the chess notation with language puzzles<\/a>.<\/p>\n","protected":false},"excerpt":{"rendered":"<p>My talk at: Polyglot Gathering Online 2026! Mein n\u00e4chster Vortrag verbindet meine beiden Leidenschaften: Sprachenlernen und Schach. Der Vortrag mit dem Titel &#8220;Turning your hobby into a language learning opportunity: Ajedrez en ingl\u00e9s, espa\u00f1ol y alem\u00e1n&#8221; findet am 5. M\u00e4rz 2026 um 12 Uhr im Rahmen des Polyglot Gathering 2026 statt. In diesem Vortrag werde &hellip; <\/p>\n<p class=\"link-more\"><a href=\"https:\/\/martina-gerdts.de\/en\/next-talk-at-polyglot-gathering-online-2026\/\" class=\"more-link\">Continue reading<span class=\"screen-reader-text\"> &#8220;My talk at: Polyglot Gathering Online 2026!&#8221;<\/span><\/a><\/p>\n","protected":false},"author":1,"featured_media":0,"parent":0,"menu_order":0,"comment_status":"closed","ping_status":"closed","template":"","meta":{"footnotes":""},"class_list":["post-1496","page","type-page","status-publish","hentry"],"translation":{"provider":"WPGlobus","version":"3.0.2","language":"en","enabled_languages":["de","en","pt"],"languages":{"de":{"title":true,"content":true,"excerpt":false},"en":{"title":false,"content":false,"excerpt":false},"pt":{"title":false,"content":false,"excerpt":false}}},"_links":{"self":[{"href":"https:\/\/martina-gerdts.de\/en\/wp-json\/wp\/v2\/pages\/1496","targetHints":{"allow":["GET"]}}],"collection":[{"href":"https:\/\/martina-gerdts.de\/en\/wp-json\/wp\/v2\/pages"}],"about":[{"href":"https:\/\/martina-gerdts.de\/en\/wp-json\/wp\/v2\/types\/page"}],"author":[{"embeddable":true,"href":"https:\/\/martina-gerdts.de\/en\/wp-json\/wp\/v2\/users\/1"}],"replies":[{"embeddable":true,"href":"https:\/\/martina-gerdts.de\/en\/wp-json\/wp\/v2\/comments?post=1496"}],"version-history":[{"count":8,"href":"https:\/\/martina-gerdts.de\/en\/wp-json\/wp\/v2\/pages\/1496\/revisions"}],"predecessor-version":[{"id":1521,"href":"https:\/\/martina-gerdts.de\/en\/wp-json\/wp\/v2\/pages\/1496\/revisions\/1521"}],"wp:attachment":[{"href":"https:\/\/martina-gerdts.de\/en\/wp-json\/wp\/v2\/media?parent=1496"}],"curies":[{"name":"wp","href":"https:\/\/api.w.org\/{rel}","templated":true}]}}