{"id":1534,"date":"2026-03-27T18:55:58","date_gmt":"2026-03-27T17:55:58","guid":{"rendered":"https:\/\/martina-gerdts.de\/?page_id=1534"},"modified":"2026-03-27T18:58:18","modified_gmt":"2026-03-27T17:58:18","slug":"portugiesisch-schnupperstunde-essen-und-getraenke-bestellen","status":"publish","type":"page","link":"https:\/\/martina-gerdts.de\/en\/portugiesisch-schnupperstunde-essen-und-getraenke-bestellen\/","title":{"rendered":"Portugiesisch Schnupperstunde (Kleingruppe)"},"content":{"rendered":"\n<h2 class=\"wp-block-heading\">&#8220;Essen und Getr\u00e4nke bestellen&#8221;<\/h2>\n\n\n\n<p>In Kleingruppen \u00fcben wir, wie man auf Portugiesisch Essen und Getr\u00e4nke im Restaurant bestellt. Wir gehen gemeinsam <strong>eine Speisekarte durch, schauen uns leckeres Essen an und \u00fcben in Dialogen<\/strong>, wie man etwas auf Portugiesisch bestellen kann.<\/p>\n\n\n\n<p>Der Kurs besteht aus einem 90-min\u00fctigen Termin und findet <strong>online via Zoom<\/strong> statt. <\/p>\n\n\n\n<p><strong>Termine (einen aussuchen):<\/strong><\/p>\n\n\n\n<ul class=\"wp-block-list\">\n<li>Fr, 8. Mai 2026, 10:00 &#8211; 11:30 Uhr<\/li>\n\n\n\n<li>Fr, 22. Mai 2026, 18:30 Uhr &#8211; 20 Uhr<\/li>\n<\/ul>\n\n\n\n<p><strong>Teilnahmegeb\u00fchr: <\/strong><\/p>\n\n\n\n<p>20 \u20ac pro Person<\/p>\n\n\n\n<p>Bei Interesse: Schreibt mir gern eine E-Mail an sprachlabor@martina-gerdts.de !<\/p>\n\n\n<div class=\"wp-block-image\">\n<figure class=\"aligncenter size-large is-resized\"><img loading=\"lazy\" decoding=\"async\" width=\"700\" height=\"980\" src=\"https:\/\/martina-gerdts.de\/wp-content\/uploads\/2026\/03\/PasteisDeNata-700x980.jpeg\" alt=\"Past\u00e9is de Nata\" class=\"wp-image-1535\" style=\"aspect-ratio:0.7142904454379865;width:297px;height:auto\" srcset=\"https:\/\/martina-gerdts.de\/wp-content\/uploads\/2026\/03\/PasteisDeNata-700x980.jpeg 700w, https:\/\/martina-gerdts.de\/wp-content\/uploads\/2026\/03\/PasteisDeNata-214x300.jpeg 214w, https:\/\/martina-gerdts.de\/wp-content\/uploads\/2026\/03\/PasteisDeNata-768x1076.jpeg 768w, https:\/\/martina-gerdts.de\/wp-content\/uploads\/2026\/03\/PasteisDeNata-1097x1536.jpeg 1097w, https:\/\/martina-gerdts.de\/wp-content\/uploads\/2026\/03\/PasteisDeNata.jpeg 1121w\" sizes=\"auto, (max-width: 700px) 100vw, 700px\" \/><figcaption class=\"wp-element-caption\">Past\u00e9is de Nata in Hamburg<\/figcaption><\/figure>\n<\/div>\n\n\n<p>Um Essen und Getr\u00e4nke auf Portugiesisch zu bestellen, muss man gar nicht nach S\u00e3o Paulo oder Lisboa reisen. Auch in vielen Ecken in Deutschland gibt es portugiesischsprachige Caf\u00e9s und Restaurants. Und am Ende des Tages kann man Portugiesisch auch immer online \u00fcben wie an diesen Freitagen mit mir \ud83d\ude42<\/p>\n","protected":false},"excerpt":{"rendered":"<p>&#8220;Essen und Getr\u00e4nke bestellen&#8221; In Kleingruppen \u00fcben wir, wie man auf Portugiesisch Essen und Getr\u00e4nke im Restaurant bestellt. Wir gehen gemeinsam eine Speisekarte durch, schauen uns leckeres Essen an und \u00fcben in Dialogen, wie man etwas auf Portugiesisch bestellen kann. Der Kurs besteht aus einem 90-min\u00fctigen Termin und findet online via Zoom statt. Termine (einen &hellip; <\/p>\n<p class=\"link-more\"><a href=\"https:\/\/martina-gerdts.de\/en\/portugiesisch-schnupperstunde-essen-und-getraenke-bestellen\/\" class=\"more-link\">Continue reading<span class=\"screen-reader-text\"> &#8220;Portugiesisch Schnupperstunde (Kleingruppe)&#8221;<\/span><\/a><\/p>\n","protected":false},"author":1,"featured_media":0,"parent":0,"menu_order":0,"comment_status":"closed","ping_status":"closed","template":"","meta":{"footnotes":""},"class_list":["post-1534","page","type-page","status-publish","hentry"],"translation":{"provider":"WPGlobus","version":"3.0.2","language":"en","enabled_languages":["de","en","pt"],"languages":{"de":{"title":true,"content":true,"excerpt":false},"en":{"title":false,"content":false,"excerpt":false},"pt":{"title":false,"content":false,"excerpt":false}}},"_links":{"self":[{"href":"https:\/\/martina-gerdts.de\/en\/wp-json\/wp\/v2\/pages\/1534","targetHints":{"allow":["GET"]}}],"collection":[{"href":"https:\/\/martina-gerdts.de\/en\/wp-json\/wp\/v2\/pages"}],"about":[{"href":"https:\/\/martina-gerdts.de\/en\/wp-json\/wp\/v2\/types\/page"}],"author":[{"embeddable":true,"href":"https:\/\/martina-gerdts.de\/en\/wp-json\/wp\/v2\/users\/1"}],"replies":[{"embeddable":true,"href":"https:\/\/martina-gerdts.de\/en\/wp-json\/wp\/v2\/comments?post=1534"}],"version-history":[{"count":2,"href":"https:\/\/martina-gerdts.de\/en\/wp-json\/wp\/v2\/pages\/1534\/revisions"}],"predecessor-version":[{"id":1539,"href":"https:\/\/martina-gerdts.de\/en\/wp-json\/wp\/v2\/pages\/1534\/revisions\/1539"}],"wp:attachment":[{"href":"https:\/\/martina-gerdts.de\/en\/wp-json\/wp\/v2\/media?parent=1534"}],"curies":[{"name":"wp","href":"https:\/\/api.w.org\/{rel}","templated":true}]}}