{"id":1540,"date":"2026-03-27T19:07:01","date_gmt":"2026-03-27T18:07:01","guid":{"rendered":"https:\/\/martina-gerdts.de\/?page_id=1540"},"modified":"2026-03-27T19:07:01","modified_gmt":"2026-03-27T18:07:01","slug":"spanisch-schnupperstunde-kleingruppe","status":"publish","type":"page","link":"https:\/\/martina-gerdts.de\/en\/spanisch-schnupperstunde-kleingruppe\/","title":{"rendered":"Spanisch Schnupperstunde (Kleingruppe)"},"content":{"rendered":"\n<h2 class=\"wp-block-heading\">&#8220;In der Tapasbar&#8221;<\/h2>\n\n\n\n<p>In Kleingruppen \u00fcben wir, wie man auf Spanisch Essen und Getr\u00e4nke in der Tapasbar bestellt. Wir gehen gemeinsam <strong>eine Speisekarte durch, schauen uns leckeres Essen an und \u00fcben in Dialogen<\/strong>, wie man etwas auf Spanisch bestellen kann.<\/p>\n\n\n\n<p>Der Kurs besteht aus einem 90-min\u00fctigen Termin und findet <strong>online via Zoom<\/strong> statt. <\/p>\n\n\n\n<p><strong>Termine (einen aussuchen):<\/strong><\/p>\n\n\n\n<ul class=\"wp-block-list\">\n<li>Mi, 13. Mai 2026, 9:00 &#8211; 10:30 Uhr<\/li>\n\n\n\n<li>Do, 21. Mai 2026, 19:15 Uhr &#8211; 20:45 Uhr<\/li>\n<\/ul>\n\n\n\n<p><strong>Teilnahmegeb\u00fchr: <\/strong><\/p>\n\n\n\n<p>20 \u20ac pro Person<\/p>\n\n\n\n<p>Bei Interesse: Schreibt mir gern eine E-Mail an sprachlabor@martina-gerdts.de !<\/p>\n\n\n\n<p>Um Essen und Getr\u00e4nke auf Spanisch zu bestellen, muss man gar nicht nach Madrid oder Ciudad de M\u00e9xico reisen. Auch in vielen Ecken in Deutschland gibt es spanischsprachige Caf\u00e9s, Tapasbars und Restaurants. Und am Ende des Tages kann man Spanisch auch immer online \u00fcben wie an diesen Kurstagen mit mir \ud83d\ude42<\/p>\n","protected":false},"excerpt":{"rendered":"<p>&#8220;In der Tapasbar&#8221; In Kleingruppen \u00fcben wir, wie man auf Spanisch Essen und Getr\u00e4nke in der Tapasbar bestellt. Wir gehen gemeinsam eine Speisekarte durch, schauen uns leckeres Essen an und \u00fcben in Dialogen, wie man etwas auf Spanisch bestellen kann. Der Kurs besteht aus einem 90-min\u00fctigen Termin und findet online via Zoom statt. Termine (einen &hellip; <\/p>\n<p class=\"link-more\"><a href=\"https:\/\/martina-gerdts.de\/en\/spanisch-schnupperstunde-kleingruppe\/\" class=\"more-link\">Continue reading<span class=\"screen-reader-text\"> &#8220;Spanisch Schnupperstunde (Kleingruppe)&#8221;<\/span><\/a><\/p>\n","protected":false},"author":1,"featured_media":0,"parent":0,"menu_order":0,"comment_status":"closed","ping_status":"closed","template":"","meta":{"footnotes":""},"class_list":["post-1540","page","type-page","status-publish","hentry"],"translation":{"provider":"WPGlobus","version":"3.0.2","language":"en","enabled_languages":["de","en","pt"],"languages":{"de":{"title":true,"content":true,"excerpt":false},"en":{"title":false,"content":false,"excerpt":false},"pt":{"title":false,"content":false,"excerpt":false}}},"_links":{"self":[{"href":"https:\/\/martina-gerdts.de\/en\/wp-json\/wp\/v2\/pages\/1540","targetHints":{"allow":["GET"]}}],"collection":[{"href":"https:\/\/martina-gerdts.de\/en\/wp-json\/wp\/v2\/pages"}],"about":[{"href":"https:\/\/martina-gerdts.de\/en\/wp-json\/wp\/v2\/types\/page"}],"author":[{"embeddable":true,"href":"https:\/\/martina-gerdts.de\/en\/wp-json\/wp\/v2\/users\/1"}],"replies":[{"embeddable":true,"href":"https:\/\/martina-gerdts.de\/en\/wp-json\/wp\/v2\/comments?post=1540"}],"version-history":[{"count":1,"href":"https:\/\/martina-gerdts.de\/en\/wp-json\/wp\/v2\/pages\/1540\/revisions"}],"predecessor-version":[{"id":1542,"href":"https:\/\/martina-gerdts.de\/en\/wp-json\/wp\/v2\/pages\/1540\/revisions\/1542"}],"wp:attachment":[{"href":"https:\/\/martina-gerdts.de\/en\/wp-json\/wp\/v2\/media?parent=1540"}],"curies":[{"name":"wp","href":"https:\/\/api.w.org\/{rel}","templated":true}]}}