{"id":181,"date":"2021-04-29T11:56:15","date_gmt":"2021-04-29T11:56:15","guid":{"rendered":"https:\/\/martina-gerdts.de\/?page_id=181"},"modified":"2025-10-22T18:22:49","modified_gmt":"2025-10-22T17:22:49","slug":"vortraege","status":"publish","type":"page","link":"https:\/\/martina-gerdts.de\/en\/ueber-mich\/vortraege\/","title":{"rendered":"Vortr\u00e4ge &#8211; Talks"},"content":{"rendered":"\n<h3 class=\"wp-block-heading\">Vortr\u00e4ge, Interviews und andere Auftritte (English version below)<\/h3>\n\n\n\n<p>Ich gebe Vortr\u00e4ge und Posterpr\u00e4sentationen bei linguistischen Workshops und Tagungen sowie bei studentischen Konferenzen. Wer Interesse an den Folien, Postern oder Inhalten zu den Vortr\u00e4gen hat, darf mich gerne kontaktieren. Ich teile gerne meine Inhalte! Auf dieser Seite habe ich die Liste so aufgeteilt, dass zuerst die wissenschaftlichen Beitr\u00e4ge zu sehen sind und danach weitere Vortr\u00e4ge z.B. bei Sprachlernevents und Workshops zu digitaler Lehre folgen.<\/p>\n\n\n\n<p><strong>Postervortrag \u2022 Februar 2023 \u2022 23. Hispanistentag, Graz, \u00d6sterreich<\/strong><\/p>\n\n\n\n<p>&#8220;La posici\u00f3n de adjetivos atributivos en Spanglish literario: Un studio de caso sobre la novela <em>This is How You Lose Her<\/em>&#8220;. Der Vortrag war f\u00fcr Februar 2021 geplant, die Tagung wurde aufgrund von COVID jedoch auf 2023 verschoben.<\/p>\n\n\n\n<h4 class=\"wp-block-heading\"><strong>Pr\u00e4sentation \u2022 September 2022 \u2022 DRV Sommerschule Mehrsprachigkeit im Kindes- und Erwachsenenalter im romanischen Kontext, Wuppertal, Deutschland<\/strong><\/h4>\n\n\n\n<p>&#8220;Syntax meets sociolinguistics and pragmatics: Eine Analyse der Position von attributiven Adjektiven in spanglishen Geschichten&#8221;. (Die Pr\u00e4sentation wurde auf Englisch gehalten.)<\/p>\n\n\n\n<h4 class=\"wp-block-heading\"><strong>Pr\u00e4sentation \u2022 23.-25. Mai 2022 \u2022 Lavender Languages and Linguistics 28, Catania, Italien, hybrid<\/strong><\/h4>\n\n\n\n<p>&#8220;There are more pronouns nearby &#8211; how to counteract data bias in morphosyntactic research for Portuguese and Spanish&#8221;.<\/p>\n\n\n\n<h4 class=\"wp-block-heading\"><strong>Postervortrag<\/strong><strong> \u2022 Januar 2022 \u2022 Annual Meeting der LSA, Washington DC, USA, hybrid<\/strong><strong><\/strong><\/h4>\n\n\n\n<p>&#8220;<a href=\"https:\/\/martina-gerdts.de\/poster-january-2022\/\">The position of focus adverbs in Italian and Portuguese child-directed speech<\/a>&#8220;. Digitale Teilnahme.<\/p>\n\n\n\n<h4 class=\"wp-block-heading\"><strong>Pr\u00e4sentation<\/strong><strong> \u2022 November 2021 \u2022 70. <\/strong><strong>Studentische Tagung Sprachwissenschaften, Wien, \u00d6sterreich, hybrid<\/strong><\/h4>\n\n\n\n<p>&#8220;Methods to detect contact-induced language change in Spanish: Checking in with postnominal &#8216;alguno&#8217; in Spanish and &#8216;algum&#8217; in Portuguese&#8221;. Digitale Teilnahme.<\/p>\n\n\n\n<h4 class=\"wp-block-heading\"><strong>Pr\u00e4sentation<\/strong><strong> \u2022 Juli 2021 \u2022 Expanding Romance Linguistics, Workshop<\/strong><strong>, Graz, \u00d6sterreich, hybrid<\/strong><\/h4>\n\n\n\n<p>&#8220;Non-canonical negation in Portuguese: The postnominal algum and its role in phrase structure&#8221;. Digitale Teilnahme.<\/p>\n\n\n\n<h4 class=\"wp-block-heading\"><strong>Pr\u00e4sentation <\/strong><strong>\u2022 Mai 2021<\/strong><strong> \u2022 69. Studentische Tagung Sprachwissenschaften, Leipzig, Deutschland, digital<\/strong><\/h4>\n\n\n\n<p>&#8220;Between Past Participle Agreement and Clitic Doubling in Spanish&#8221;.<\/p>\n\n\n\n<h4 class=\"wp-block-heading\"><strong>Postervortrag \u2022 Dezember 2020 \u2022 <a href=\"https:\/\/vpl.univie.ac.at\/programme\/\">Empirical Research on Portuguese<\/a>, Workshop, Wien, \u00d6sterreich, digital<\/strong><\/h4>\n\n\n\n<p>&#8220;The interplay of emphasis and polarity in French and European Portuguese negation&#8221;.<\/p>\n\n\n\n<h4 class=\"wp-block-heading\"><strong>Pr\u00e4sentation<\/strong><strong> \u2022 November 2020 \u2022 69. Studentische Tagung Sprachwissenschaften, Potsdam\/Berlin, Deutschland, digital<\/strong><\/h4>\n\n\n\n<p>&#8220;The focalizing adverbs <em>tamb\u00e9m<\/em>\/<em>anche<\/em> and the negation: The Left Periphery phenomena in Italian and European Portuguese&#8221;.<\/p>\n\n\n\n<h4 class=\"wp-block-heading\"><strong>(Absage wegen COVID, Akzeptiert:) Postervortrag <\/strong><strong>\u2022 Juni 2020 \u2022 Linguistics and English Language Postgraduate Conference, Edinburgh, UK<\/strong><strong><\/strong><\/h4>\n\n\n\n<p>&#8220;Attributive adjectives in Spanglish: A case study on the distribution in adult code-switching&#8221;. Die Konferenz war f\u00fcr Juni 2020 geplant, wurde jedoch aufgrund von COVID abgesagt.<\/p>\n\n\n\n<h4 class=\"wp-block-heading\"><strong>Pr\u00e4sentation<\/strong><strong> \u2022 Mai 2020<\/strong><strong> \u2022 68. Studentische Tagung Sprachwissenschaften, Bayreuth, Deutschland, digital<\/strong><\/h4>\n\n\n\n<p>&#8220;Postnominales <em>algum<\/em> im europ\u00e4ischen Portugiesisch: Das Ergebnis von Emphase, Ellipsen und Grammatikalisierungsprozessen&#8221;.<\/p>\n\n\n\n<h4 class=\"wp-block-heading\"><strong>Pr\u00e4sentation <\/strong><strong>\u2022 November 2019<\/strong><strong> \u2022 67. Studentische Tagung Sprachwissenschaften, M\u00fcnchen, Deutschland<\/strong><\/h4>\n\n\n\n<p>&#8220;Kompositionelle attributive Adjektive im Europ\u00e4ischen Portugiesisch im Rahmen der Generativen Grammatik&#8221;. Vorstellung der Ergebnisse der Bachelorarbeit. <\/p>\n\n\n\n<h3 class=\"wp-block-heading\">Weitere Vortr\u00e4ge<\/h3>\n\n\n\n<h4 class=\"wp-block-heading\"><strong>Vortrag bei Sprachlernevent \u2022 Polyglot Gathering Online \u2022 April\/Mai 2022 \u2022 digital<\/strong><\/h4>\n\n\n\n<p>&#8220;There are more pronouns than my workbook says: How we can engage with neopronouns outside of the classroom&#8221;. <a rel=\"noreferrer noopener\" href=\"https:\/\/www.polyglotgathering.com\/2022\/de\/\" target=\"_blank\">Event Link Polyglot Gathering Online<\/a>. <a href=\"https:\/\/martina-gerdts.de\/vortrag-workshop-beim-polyglot-gathering-2022-online\/\">Blogbeitrag \u00fcber den Vortrag<\/a>. <a href=\"https:\/\/martina-gerdts.de\/events\/\">\u00dcbersicht zu den neuesten Infos<\/a>.<\/p>\n\n\n\n<h4 class=\"wp-block-heading\"><strong>Workshop bei Sprachlernevent \u2022 Polyglot Gathering Online \u2022 April\/Mai 2022 \u2022 digital<\/strong><\/h4>\n\n\n\n<p>&#8220;Writing stories with neopronouns in German and English&#8221;. <a rel=\"noreferrer noopener\" href=\"https:\/\/www.polyglotgathering.com\/2022\/de\/\" target=\"_blank\">Event Link Polyglot Gathering Online<\/a>. <a href=\"https:\/\/martina-gerdts.de\/vortrag-workshop-beim-polyglot-gathering-2022-online\/\">Blogbeitrag \u00fcber den Workshop<\/a>. <a href=\"https:\/\/martina-gerdts.de\/events\/\">\u00dcbersicht zu den neuesten Infos<\/a>.<\/p>\n\n\n\n<h4 class=\"wp-block-heading\"><strong>Vortrag bei Sprachlernevent \u2022 Women in Language \u2022 M\u00e4rz 2022 \u2022 digital<\/strong><\/h4>\n\n\n\n<p>&#8220;Implementing Trans Inclusive Language in My Language Learning: With German, Portuguese, and English Examples&#8221; (der Vortrag fand trilingual auf Englisch, Deutsch und Portugiesisch mit englischsprachigen Folien statt).<\/p>\n\n\n\n<h4 class=\"wp-block-heading\"><strong>Vortrag Bei Workshop f\u00fcr Tutor*innen UHH <\/strong><strong>\u2022 Pr\u00e4sentation<\/strong><strong> \u2022 August 2021 \u2022 Universit\u00e4t Hamburg, Deutschland, digital<\/strong><\/h4>\n\n\n\n<p>&#8220;Digitale Tutorien in der Fakult\u00e4t der Geisteswissenschaften&#8221;. Vortrag gemeinsam mit anderer Tutorin gehalten.<\/p>\n\n\n\n<h3 class=\"wp-block-heading\">Interviews und andere Auftritte<\/h3>\n\n\n\n<h4 class=\"wp-block-heading\"><strong>Paneldiskussion bei Sprachlernevent <\/strong><strong>\u2022 Women in Language <\/strong><strong>\u2022 M\u00e4rz 2022 \u2022 digital<\/strong><\/h4>\n\n\n\n<p>Teilnahme an Paneldiskussion zu \u201eFeminism in Our Language World\u201c, Paneldiskussion mit Samantha Lassaux, Chesline Pierre-Paul und Archana Parmar, gehostet von Kerstin Cable. Sprache: Englisch. Aufnahme der Diskussion ver\u00f6ffentlicht \u00fcber <a href=\"https:\/\/www.fluent.show\/236\" target=\"_blank\" rel=\"noreferrer noopener\">Podcast &#8220;The Fluent Show&#8221; (Episode 236)<\/a>. <\/p>\n\n\n\n<h4 class=\"wp-block-heading\"><strong>Instagram Live Interview \u2022 Februar 2022 \u2022 Women In Language<\/strong> <strong>\u2022 digital<\/strong><\/h4>\n\n\n\n<p>Interview mit Lindsay von \u201eWomen in Language\u201c in Vorbereitung auf das gleichnamige Event, bei dem ich im M\u00e4rz 2022 bei einer Paneldiskussion teilgenommen einen Vortrag gehalten habe. Dabei haben wir \u00fcber die Rolle von trans affirmativer Sprache beim Sprachenlernen gesprochen. Gehostet \u00fcber @womeninlanguageevents auf Instagram. Sprache: Englisch.<\/p>\n\n\n\n<p>**********************************************************************<\/p>\n\n\n\n<p><strong>Talks<\/strong><\/p>\n\n\n\n<p>I give talks and poster presentations at linguistic workshops and conferences, and also at student conferences for linguistics. Who is interested in the slides, posters or any content of my talks, please contact me! I am happy to share my material with you!<\/p>\n\n\n\n<p>2023: 23. Hispanistentag, Graz, Austria, poster presentation: &#8220;La posici\u00f3n de adjetivos atributivos en Spanglish literario: Un estudio de caso sobre la novela\u00a0<em>This Is How You Lose Her<\/em>&#8220;. <\/p>\n\n\n\n<p>September 2022: DRV Summer School Multilingualism in the age of children and adults in the context of Romance languages, Wuppertal, Germany, talk: &#8220;Syntax meets sociolinguistics and pragmatics: Eine Analyse der Position von attributiven Adjektiven in spanglishen Geschichten&#8221;. [An analysis of the position of attributive adjectives in Spanglish stories.] The talk was given in English.<\/p>\n\n\n\n<p>May 2022: Lavender Languages and Linguistics 28, Catania (Sicily), Italy, hybrid, talk: &#8220;There are more pronouns nearby &#8211; how to counteract data bias in morphosyntactic research for Portuguese and Spanish&#8221;, in-person participation.<\/p>\n\n\n\n<p>January 2022: Annual Meeting of the Linguistic Society of America (LSA), Washington D.C., USA, hybrid, poster presentation: &#8220;<a href=\"https:\/\/martina-gerdts.de\/poster-january-2022\/\">The position of focus adverbs in Italian and Portuguese child-directed speech<\/a>&#8220;, online participation.<\/p>\n\n\n\n<p>November 2021: 70. StuTS, Vienna, Austria, hybrid, talk: &#8220;Methods to detect contact-induced language change in Spanish: Checking in with postnominal &#8216;alguno&#8217; in Spanish and &#8216;algum&#8217; in Portuguese&#8221;, online participation.<\/p>\n\n\n\n<p>July 2021: Expanding Romance Linguistics, Workshop, Graz, Austria, hybrid, talk: &#8220;Non-canonical negation in Portuguese: The postnominal algum and its role in phrase structure&#8221;, online participation.<\/p>\n\n\n\n<p>May 2021: 69. StuTS, Leipzig, digital, talk: &#8220;Between Past Participle Agreement and Clitic Doubling in Spanish: The role of grammaticalization in diachronic data of object agreement&#8221;.<\/p>\n\n\n\n<p>December 2020: Empirical Research on Portuguese, Workshop, Wien, digital, poster presentation: &#8220;The interplay of emphasis&nbsp;and polarity in French and European&nbsp;Portuguese negation&#8221;. <\/p>\n\n\n\n<p>November 2020: 68. StuTS, Potsdam\/Berlin, digital, talk: &#8220;The focalizing adverbs&nbsp;<em>tamb\u00e9m<\/em>\/<em>anche&nbsp;<\/em>and the negation: The Left Periphery phenomena in Italian and European Portuguese&#8221;. <\/p>\n\n\n\n<p>(Accepted, cancelled due to COVID) June 2020: Linguistics and English Language Postgraduate Conference, Edinburgh, UK, poster presentation: &#8220;Attributive adjectives in Spanglish: A case study on the distribution in adult code-switching&#8221;.<\/p>\n\n\n\n<p>May 2020: 67. StuTS, Bayreuth, digital, talk: &#8220;Postnominales&nbsp;<em>algum&nbsp;<\/em>im europ\u00e4ischen Portugiesisch&#8221;.<\/p>\n\n\n\n<p>November 2019: 66. StuTS Munich, talk: &#8220;Kompositionelle attributive Adjektive im Europ\u00e4ischen Portugiesisch im Rahmen der Generativen Grammatik&#8221;.<\/p>\n","protected":false},"excerpt":{"rendered":"<p>Vortr\u00e4ge, Interviews und andere Auftritte (English version below) Ich gebe Vortr\u00e4ge und Posterpr\u00e4sentationen bei linguistischen Workshops und Tagungen sowie bei studentischen Konferenzen. Wer Interesse an den Folien, Postern oder Inhalten zu den Vortr\u00e4gen hat, darf mich gerne kontaktieren. Ich teile gerne meine Inhalte! Auf dieser Seite habe ich die Liste so aufgeteilt, dass zuerst die &hellip; <\/p>\n<p class=\"link-more\"><a href=\"https:\/\/martina-gerdts.de\/en\/ueber-mich\/vortraege\/\" class=\"more-link\">Continue reading<span class=\"screen-reader-text\"> &#8220;Vortr\u00e4ge &#8211; Talks&#8221;<\/span><\/a><\/p>\n","protected":false},"author":1,"featured_media":0,"parent":14,"menu_order":0,"comment_status":"closed","ping_status":"closed","template":"","meta":{"footnotes":""},"class_list":["post-181","page","type-page","status-publish","hentry"],"translation":{"provider":"WPGlobus","version":"3.0.2","language":"en","enabled_languages":["de","en","pt"],"languages":{"de":{"title":true,"content":true,"excerpt":false},"en":{"title":false,"content":true,"excerpt":false},"pt":{"title":false,"content":true,"excerpt":false}}},"_links":{"self":[{"href":"https:\/\/martina-gerdts.de\/en\/wp-json\/wp\/v2\/pages\/181","targetHints":{"allow":["GET"]}}],"collection":[{"href":"https:\/\/martina-gerdts.de\/en\/wp-json\/wp\/v2\/pages"}],"about":[{"href":"https:\/\/martina-gerdts.de\/en\/wp-json\/wp\/v2\/types\/page"}],"author":[{"embeddable":true,"href":"https:\/\/martina-gerdts.de\/en\/wp-json\/wp\/v2\/users\/1"}],"replies":[{"embeddable":true,"href":"https:\/\/martina-gerdts.de\/en\/wp-json\/wp\/v2\/comments?post=181"}],"version-history":[{"count":44,"href":"https:\/\/martina-gerdts.de\/en\/wp-json\/wp\/v2\/pages\/181\/revisions"}],"predecessor-version":[{"id":1433,"href":"https:\/\/martina-gerdts.de\/en\/wp-json\/wp\/v2\/pages\/181\/revisions\/1433"}],"up":[{"embeddable":true,"href":"https:\/\/martina-gerdts.de\/en\/wp-json\/wp\/v2\/pages\/14"}],"wp:attachment":[{"href":"https:\/\/martina-gerdts.de\/en\/wp-json\/wp\/v2\/media?parent=181"}],"curies":[{"name":"wp","href":"https:\/\/api.w.org\/{rel}","templated":true}]}}