{"id":422,"date":"2022-03-07T15:56:07","date_gmt":"2022-03-07T15:56:07","guid":{"rendered":"https:\/\/martina-gerdts.de\/?page_id=422"},"modified":"2024-07-20T11:42:41","modified_gmt":"2024-07-20T10:42:41","slug":"organisation-konferenzen","status":"publish","type":"page","link":"https:\/\/martina-gerdts.de\/en\/organisation-konferenzen\/","title":{"rendered":"Mitarbeit bei Organisation von Konferenzen"},"content":{"rendered":"\n<p>In der Vergangenheit habe ich schon bei ein paar Konferenzen f\u00fcr Studierende und f\u00fcr den Mittelbau bei der Organisation mitgeholfen oder war federf\u00fchrend damit besch\u00e4ftigt. Hier ist einmal eine \u00dcbersicht:<\/p>\n\n\n\n<h4 class=\"wp-block-heading\">Mitorganisation von Mittelbau-Konferenz \u2022 XXXIX. Forum Junge Romanistik 2024 \u2022 20.-22.3.2024 \u2022 Universit\u00e4t Hamburg, Deutschland.<\/h4>\n\n\n\n<p>Website: <a href=\"https:\/\/www.slm.uni-hamburg.de\/romanistik\/forschung\/tagungen\/forum-junge-romanistik.html\">https:\/\/www.slm.uni-hamburg.de\/romanistik\/forschung\/tagungen\/forum-junge-romanistik.html<\/a>. <\/p>\n\n\n\n<p>Mitarbeit und Unterst\u00fctzung bei Planung und Durchf\u00fchrung der Konferenz im Team, Moderation einer Vortragssession und eines Workshops und technische Assistenz bei ausgew\u00e4hlten Programmpunkten. Mehrsprachige Veranstaltung: Deutsch, Englisch, romanische Sprachen.<\/p>\n\n\n\n<h4 class=\"wp-block-heading\">Konferenzkoordination von studentischer Konferenz \u2022 72. Stuts (Studentische Tagung Sprachwissenschaft) \u2022 2.11.-6.11.2022 \u2022 Universit\u00e4t Hamburg, Deutschland, Hybrid.<\/h4>\n\n\n\n<p>Website: <a href=\"https:\/\/72.stuts.de\">https:\/\/72.stuts.de<\/a>.<\/p>\n\n\n\n<p>Planung und Durchf\u00fchrung im Team (zu zehnt) der 72. StuTS. Verantwortlich f\u00fcr Finanzen, Unterkunft, Konferenzort und -R\u00e4ume (virtuell und in Pr\u00e4senz) und einen Teil der Programmpunkte, Eink\u00e4ufe und Moderation. Einen Teil des Konferenzteams findet man hier: <a href=\"https:\/\/72.stuts.de\/de\/team\/\">https:\/\/72.stuts.de\/de\/team\/<\/a>. Zweisprachige Veranstaltung: Englisch &amp; Deutsch.<\/p>\n\n\n\n<h4 class=\"wp-block-heading\">Mitorganisation von Studentischem Kolloquium \u2022 Approaches and Methods in Interdisciplinary Romanian Studies: International Student Colloquium 2022 \u2022 3. &#8211; 6. M\u00e4rz 2022 \u2022 FSU Jena, Deutschland, online.<\/h4>\n\n\n\n<p>Planung und Durchf\u00fchrung im Team (zu acht) von studentischem Kolloquium zu Methoden der Rum\u00e4nistik, Teil des Teams Call for Submission (zu dritt) und des Teams Werbung &amp; Social Media (zu zweit; mit Social Media Kan\u00e4len auf Twitter, Instagram und Facebook). Moderation eines Panels mit zwei Vortr\u00e4gen. Trilinguale Veranstaltung: Englisch, Rum\u00e4nisch, Deutsch.<\/p>\n\n\n\n<p><a id=\"_msocom_1\"><\/a><\/p>\n\n\n\n<p><\/p>\n","protected":false},"excerpt":{"rendered":"<p>In der Vergangenheit habe ich schon bei ein paar Konferenzen f\u00fcr Studierende und f\u00fcr den Mittelbau bei der Organisation mitgeholfen oder war federf\u00fchrend damit besch\u00e4ftigt. Hier ist einmal eine \u00dcbersicht: Mitorganisation von Mittelbau-Konferenz \u2022 XXXIX. Forum Junge Romanistik 2024 \u2022 20.-22.3.2024 \u2022 Universit\u00e4t Hamburg, Deutschland. Website: https:\/\/www.slm.uni-hamburg.de\/romanistik\/forschung\/tagungen\/forum-junge-romanistik.html. Mitarbeit und Unterst\u00fctzung bei Planung und Durchf\u00fchrung der &hellip; <\/p>\n<p class=\"link-more\"><a href=\"https:\/\/martina-gerdts.de\/en\/organisation-konferenzen\/\" class=\"more-link\">Continue reading<span class=\"screen-reader-text\"> &#8220;Mitarbeit bei Organisation von Konferenzen&#8221;<\/span><\/a><\/p>\n","protected":false},"author":1,"featured_media":0,"parent":0,"menu_order":0,"comment_status":"closed","ping_status":"closed","template":"","meta":{"footnotes":""},"class_list":["post-422","page","type-page","status-publish","hentry"],"translation":{"provider":"WPGlobus","version":"3.0.2","language":"en","enabled_languages":["de","en","pt"],"languages":{"de":{"title":true,"content":true,"excerpt":false},"en":{"title":false,"content":false,"excerpt":false},"pt":{"title":false,"content":false,"excerpt":false}}},"_links":{"self":[{"href":"https:\/\/martina-gerdts.de\/en\/wp-json\/wp\/v2\/pages\/422","targetHints":{"allow":["GET"]}}],"collection":[{"href":"https:\/\/martina-gerdts.de\/en\/wp-json\/wp\/v2\/pages"}],"about":[{"href":"https:\/\/martina-gerdts.de\/en\/wp-json\/wp\/v2\/types\/page"}],"author":[{"embeddable":true,"href":"https:\/\/martina-gerdts.de\/en\/wp-json\/wp\/v2\/users\/1"}],"replies":[{"embeddable":true,"href":"https:\/\/martina-gerdts.de\/en\/wp-json\/wp\/v2\/comments?post=422"}],"version-history":[{"count":8,"href":"https:\/\/martina-gerdts.de\/en\/wp-json\/wp\/v2\/pages\/422\/revisions"}],"predecessor-version":[{"id":1180,"href":"https:\/\/martina-gerdts.de\/en\/wp-json\/wp\/v2\/pages\/422\/revisions\/1180"}],"wp:attachment":[{"href":"https:\/\/martina-gerdts.de\/en\/wp-json\/wp\/v2\/media?parent=422"}],"curies":[{"name":"wp","href":"https:\/\/api.w.org\/{rel}","templated":true}]}}