{"id":726,"date":"2022-04-10T11:29:33","date_gmt":"2022-04-10T10:29:33","guid":{"rendered":"https:\/\/martina-gerdts.de\/?page_id=726"},"modified":"2023-12-04T13:37:52","modified_gmt":"2023-12-04T12:37:52","slug":"einen-einstieg-ins-sprachenlernen-finden","status":"publish","type":"page","link":"https:\/\/martina-gerdts.de\/en\/sprachenlernen\/einen-einstieg-ins-sprachenlernen-finden\/","title":{"rendered":"Einen Einstieg ins Sprachenlernen finden?"},"content":{"rendered":"\n<p>Wenn du einen Einstieg ins Sprachenlernen finden m\u00f6chtest, hilft es, sich Themen zu suchen, mit denen du dich gerne besch\u00e4ftigst.<\/p>\n\n\n\n<p>Es gibt <strong>diverse Gr\u00fcnde, die Menschen dazu bewegen, eine Fremdsprache lernen zu wollen.<\/strong> Dazu geh\u00f6ren Jobaussichten, famili\u00e4re Gr\u00fcnde oder auch Selbstverwirklichung. Wenn du dich dazu entschieden hast, eine Sprache zu lernen, kannst du aber auf ein Problem treffen: Wie schaffst du es, einen Einstieg ins Sprachenlernen zu finden? Was kannst du tun?<\/p>\n\n\n\n<p>Aus der Schulzeit wissen viele Menschen, wie Fremdsprachen gelernt werden k\u00f6nnen. Je nachdem wie lang Ihr letzter Sprachkurs her ist, haben sich die eingesetzten Methoden zum Teil ver\u00e4ndert. <strong>Mittlerweile wird ein viel gr\u00f6\u00dferes Augenmerk darauf gelegt, das Sprachenlernen interessanter zu gestalten. <\/strong>Da dies aber von Kursinhalten und einzelnen Lehrkr\u00e4ften abh\u00e4ngen kann, soll es in diesem Beitrag darum gehen, wie du pers\u00f6nlich eigenverantwortlich lernen und es schaffen kannst, einen Einstieg ins Sprachenlernen zu finden, der f\u00fcr dich pers\u00f6nlich besonders effektiv und interessant ist. <\/p>\n\n\n\n<p>\u00dcberlege dir zuerst, ob du anfangen m\u00f6chtest, eine weitere Sprache zu lernen oder, ob du deine F\u00e4higkeiten in einer Sprache vertiefen m\u00f6chten, mit der du dich zuvor auseinandergesetzt hast. Im n\u00e4chsten Schritt \u00fcberlegst du dir, welche Themen in deinem Leben eine wichtige Rolle spielen. Vielleicht setzt du dich f\u00fcr Menschenrechte in Honduras ein oder du bist in Foren zu Online-Games aktiv. An dieser Stelle ist es wichtig, dass du dich ein oder zwei Themen \u00fcberlegst, mit denen <strong>du gerne und viel zu tun hast. Nun geht es darum, das Sprachenlernen mit diesen Themen zu verbinden.<\/strong> Wenn du zum Beispiel Franz\u00f6sisch lernen m\u00f6chtest, l\u00e4sst sich dies sehr gut mit Aktivit\u00e4ten in Verbindung mit Menschenrechten bringen, da Franz\u00f6sisch in vielen internationalen Organisationen und im internationalen Recht verwendet wird. F\u00fcr viele Online-Games gibt es auch Foren in verschiedenen Sprachen. Was h\u00e4ltst du davon, nicht auch einmal das franz\u00f6sischsprachige Forum anstelle des deutschsprachigen Forums eines Spiels f\u00fcr die n\u00e4chste Frage zum Gameplay zu verwenden?<\/p>\n\n\n\n<p>In Sprachkursen w\u00fcrdest du damit beginnen, dich selbst und deine Familie vorzustellen. Danach w\u00fcrde man Nahrungsmittel aufz\u00e4hlen und mit CDs endlose Wegbeschreibungen durchgehen. Wie oft h\u00f6rst du Wegbeschreibungen, die nicht von deinem eigenen Smartphone oder Navigationssystem kommen? Was denkst du, hilft dir effektiver beim Sprachenlernen, wenn du dich eigentlich \u00fcber Menschenrechte informieren m\u00f6chtest, Wegbeschreibungen zu \u00fcben oder kurze Texte \u00fcber die Situation der indigenen Bev\u00f6lkerung in Honduras lesen? <strong>Nutze deine eigenen Interessen, um einen Einstieg ins Sprachenlernen zu finden &#8211; so bleibst du langfristig motiviert!<\/strong><\/p>\n\n\n\n<p>Sprachkurse f\u00fcr Gruppen k\u00f6nnen nicht auf alle Interessen der Teilnehmenden eingehen. H\u00e4ufig sollen diese Kurse auch auf standardisierte Tests vorbereiten. <strong>Sprachkurse k\u00f6nnen weiterhin eine Rolle im eigenverantwortlichen Sprachenlernen spielen, aber im Idealfall sollten sie nicht das Zentrum Ihres Lernprozesses sein.<\/strong> Ich w\u00fcrde empfehlen, den Fokus auf das eigenverantwortliche Lernen zu richten. Ich selbst nehme weiterhin auch an Gruppen-Sprachkursen teil und gebe selbst Sprachkurse f\u00fcr Gruppen. Diese haben den Vorteil, dass einem Inhalte vermittelt werden, ohne dass man sich die Materialien und Aktionen mit viel Arbeit eigenst\u00e4ndig zusammensuchen muss. Die wichtigsten Themen, die f\u00fcr eine breite Masse interessant sein k\u00f6nnten, werden dort besprochen. Dies ist gro\u00dfartig, um die Grundlagen zu diesen Themen zu lernen und eben auch, um andere Lernende einer Sprache kennenzulernen. Kursleitungen k\u00f6nnen noch viele Hintergr\u00fcnde erkl\u00e4ren und im Gegensatz zu Einzelunterricht ist Gruppenunterricht h\u00e4ufig kosteng\u00fcnstiger. <\/p>\n\n\n\n<p><strong>Wie w\u00e4re es, wenn du die positiven Punkte des eigenst\u00e4ndigen Lernens mit dem Lernen im Sprachkurs verbindest?<\/strong><\/p>\n\n\n\n<p>Schreib mir gerne eine E-Mail mit deinen Erfahrungen an <a href=\"mailto:sprachlabor@martina-gerdts.de\" target=\"_blank\" rel=\"noreferrer noopener\">sprachlabor@martina-gerdts.de<\/a> ! Ich w\u00fcrde mich freuen, von deinem Lernprozess zu h\u00f6ren!<\/p>\n\n\n\n<p><\/p>\n\n\n\n<p><\/p>\n","protected":false},"excerpt":{"rendered":"<p>Wenn du einen Einstieg ins Sprachenlernen finden m\u00f6chtest, hilft es, sich Themen zu suchen, mit denen du dich gerne besch\u00e4ftigst. Es gibt diverse Gr\u00fcnde, die Menschen dazu bewegen, eine Fremdsprache lernen zu wollen. Dazu geh\u00f6ren Jobaussichten, famili\u00e4re Gr\u00fcnde oder auch Selbstverwirklichung. Wenn du dich dazu entschieden hast, eine Sprache zu lernen, kannst du aber auf &hellip; <\/p>\n<p class=\"link-more\"><a href=\"https:\/\/martina-gerdts.de\/en\/sprachenlernen\/einen-einstieg-ins-sprachenlernen-finden\/\" class=\"more-link\">Continue reading<span class=\"screen-reader-text\"> &#8220;Einen Einstieg ins Sprachenlernen finden?&#8221;<\/span><\/a><\/p>\n","protected":false},"author":1,"featured_media":0,"parent":265,"menu_order":0,"comment_status":"closed","ping_status":"closed","template":"","meta":{"footnotes":""},"class_list":["post-726","page","type-page","status-publish","hentry"],"translation":{"provider":"WPGlobus","version":"3.0.2","language":"en","enabled_languages":["de","en","pt"],"languages":{"de":{"title":true,"content":true,"excerpt":false},"en":{"title":false,"content":false,"excerpt":false},"pt":{"title":false,"content":false,"excerpt":false}}},"_links":{"self":[{"href":"https:\/\/martina-gerdts.de\/en\/wp-json\/wp\/v2\/pages\/726","targetHints":{"allow":["GET"]}}],"collection":[{"href":"https:\/\/martina-gerdts.de\/en\/wp-json\/wp\/v2\/pages"}],"about":[{"href":"https:\/\/martina-gerdts.de\/en\/wp-json\/wp\/v2\/types\/page"}],"author":[{"embeddable":true,"href":"https:\/\/martina-gerdts.de\/en\/wp-json\/wp\/v2\/users\/1"}],"replies":[{"embeddable":true,"href":"https:\/\/martina-gerdts.de\/en\/wp-json\/wp\/v2\/comments?post=726"}],"version-history":[{"count":8,"href":"https:\/\/martina-gerdts.de\/en\/wp-json\/wp\/v2\/pages\/726\/revisions"}],"predecessor-version":[{"id":1076,"href":"https:\/\/martina-gerdts.de\/en\/wp-json\/wp\/v2\/pages\/726\/revisions\/1076"}],"up":[{"embeddable":true,"href":"https:\/\/martina-gerdts.de\/en\/wp-json\/wp\/v2\/pages\/265"}],"wp:attachment":[{"href":"https:\/\/martina-gerdts.de\/en\/wp-json\/wp\/v2\/media?parent=726"}],"curies":[{"name":"wp","href":"https:\/\/api.w.org\/{rel}","templated":true}]}}