{"id":791,"date":"2022-08-14T12:28:36","date_gmt":"2022-08-14T11:28:36","guid":{"rendered":"https:\/\/martina-gerdts.de\/?page_id=791"},"modified":"2022-08-14T13:07:12","modified_gmt":"2022-08-14T12:07:12","slug":"publikationen-2","status":"publish","type":"page","link":"https:\/\/martina-gerdts.de\/en\/publikationen-2\/","title":{"rendered":"Publikationen"},"content":{"rendered":"\n<p>Hier geht es zu meinen bisherigen Publikationen:<\/p>\n\n\n\n<p><strong>Rezensionen<\/strong><\/p>\n\n\n\n<h4 class=\"wp-block-heading\"><strong>Buchrezension \u2022 2022 \u2022&nbsp;Cinque (2020) \u2022&nbsp;The LINGUIST List, online<\/strong>.<\/h4>\n\n\n\n<p>[Review von Cinque (2020):&nbsp;<em>The Syntax of Relative Clauses: A Unified Analysis,<\/em>Cambridge University Press], in:&nbsp;<em>The LINGUIST List<\/em>, List 33.1463,&nbsp;<a href=\"https:\/\/linguistlist.org\/issues\/33\/33-1463\/\">https:\/\/linguistlist.org\/issues\/33\/33-1463\/<\/a>. Newsletter vom 25.4.2022.<\/p>\n\n\n\n<p><strong>Wissenschaftskommunikation<\/strong><\/p>\n\n\n\n<h4 class=\"wp-block-heading\"><strong>Blog-Beitrag<\/strong><strong>&nbsp;\u2022 17.05.2021<\/strong><strong>&nbsp;\u2022 Language at Play, online<\/strong>.<\/h4>\n\n\n\n<p>Titel: \u201eWas k\u00f6nnen wir vom Gaming lernen? Wie online Veranstaltungen einfacher ertr\u00e4glich werden\u201c, in: Wagner, Pascal (ed),&nbsp;<em>LanguageAtPlay.de<\/em>,&nbsp;<a href=\"https:\/\/languageatplay.de\/2021\/05\/17\/was-koennen-wir-vom-gaming-lernen-wie-online-veranstaltungen-einfacher-ertraeglich-werden\/\">https:\/\/languageatplay.de\/2021\/05\/17\/was-koennen-wir-vom-gaming-lernen-wie-online-veranstaltungen-einfacher-ertraeglich-werden\/<\/a>.&nbsp;<\/p>\n\n\n\n<p>Thema: Chancen f\u00fcr digitale Veranstaltungen in Universit\u00e4ten mit Blick auf den Gaming Bereich.<\/p>\n\n\n\n<h4 class=\"wp-block-heading\"><strong>Tutorien-Leitfaden&nbsp;<\/strong><strong>\u2022 16.03.2021<\/strong><strong>&nbsp;\u2022 Arbeitsstelle Studium &amp; Beruf, Fakult\u00e4t f\u00fcr Geisteswissenschaften, Universit\u00e4t Hamburg, Deutschland, online<\/strong>.<\/h4>\n\n\n\n<p>Bauer, Sarah &amp; Bl\u00fcthmann, Nadia &amp; Bonke, Julia &amp; Gerdts, Martina &amp; Haars, Martin &amp; Hollingsworth, Jonas &amp; Lauw, Madeleine &amp; Mpadanes, Elena Georgia &amp; Rothe, Christine &amp; Schmidt, Julia &amp; Zander, Fabian, 2021.&nbsp;<em>Pl\u00f6tzlich Tutor:in: Der Praxis-Leitfaden von Tutor:innen f\u00fcr Tutor:innen<\/em>, Hamburg: Arbeitsstelle Studium &amp; Beruf, Universit\u00e4t Hamburg.&nbsp;<a href=\"https:\/\/www.slm.uni-hamburg.de\/astub\/ueber-die-astub\/aktuelles\/2021\/ratgeber-tutor-innen.html\">https:\/\/www.slm.uni-hamburg.de\/astub\/ueber-die-astub\/aktuelles\/2021\/ratgeber-tutor-innen.html<\/a>&nbsp;.<\/p>\n","protected":false},"excerpt":{"rendered":"<p>Hier geht es zu meinen bisherigen Publikationen: Rezensionen Buchrezension \u2022 2022 \u2022&nbsp;Cinque (2020) \u2022&nbsp;The LINGUIST List, online. [Review von Cinque (2020):&nbsp;The Syntax of Relative Clauses: A Unified Analysis,Cambridge University Press], in:&nbsp;The LINGUIST List, List 33.1463,&nbsp;https:\/\/linguistlist.org\/issues\/33\/33-1463\/. Newsletter vom 25.4.2022. Wissenschaftskommunikation Blog-Beitrag&nbsp;\u2022 17.05.2021&nbsp;\u2022 Language at Play, online. Titel: \u201eWas k\u00f6nnen wir vom Gaming lernen? Wie online Veranstaltungen &hellip; <\/p>\n<p class=\"link-more\"><a href=\"https:\/\/martina-gerdts.de\/en\/publikationen-2\/\" class=\"more-link\">Continue reading<span class=\"screen-reader-text\"> &#8220;Publikationen&#8221;<\/span><\/a><\/p>\n","protected":false},"author":1,"featured_media":0,"parent":0,"menu_order":0,"comment_status":"closed","ping_status":"closed","template":"","meta":{"footnotes":""},"class_list":["post-791","page","type-page","status-publish","hentry"],"translation":{"provider":"WPGlobus","version":"3.0.2","language":"en","enabled_languages":["de","en","pt"],"languages":{"de":{"title":true,"content":true,"excerpt":false},"en":{"title":false,"content":false,"excerpt":false},"pt":{"title":false,"content":false,"excerpt":false}}},"_links":{"self":[{"href":"https:\/\/martina-gerdts.de\/en\/wp-json\/wp\/v2\/pages\/791","targetHints":{"allow":["GET"]}}],"collection":[{"href":"https:\/\/martina-gerdts.de\/en\/wp-json\/wp\/v2\/pages"}],"about":[{"href":"https:\/\/martina-gerdts.de\/en\/wp-json\/wp\/v2\/types\/page"}],"author":[{"embeddable":true,"href":"https:\/\/martina-gerdts.de\/en\/wp-json\/wp\/v2\/users\/1"}],"replies":[{"embeddable":true,"href":"https:\/\/martina-gerdts.de\/en\/wp-json\/wp\/v2\/comments?post=791"}],"version-history":[{"count":2,"href":"https:\/\/martina-gerdts.de\/en\/wp-json\/wp\/v2\/pages\/791\/revisions"}],"predecessor-version":[{"id":798,"href":"https:\/\/martina-gerdts.de\/en\/wp-json\/wp\/v2\/pages\/791\/revisions\/798"}],"wp:attachment":[{"href":"https:\/\/martina-gerdts.de\/en\/wp-json\/wp\/v2\/media?parent=791"}],"curies":[{"name":"wp","href":"https:\/\/api.w.org\/{rel}","templated":true}]}}