{"id":815,"date":"2022-08-14T15:09:09","date_gmt":"2022-08-14T14:09:09","guid":{"rendered":"https:\/\/martina-gerdts.de\/?page_id=815"},"modified":"2022-08-14T15:09:10","modified_gmt":"2022-08-14T14:09:10","slug":"zusammenarbeit","status":"publish","type":"page","link":"https:\/\/martina-gerdts.de\/en\/zusammenarbeit\/","title":{"rendered":"Zusammenarbeit"},"content":{"rendered":"\n<p>Ihr k\u00f6nnt euch gerne bei mir melden, falls ihr mit mir zusammenarbeiten m\u00f6chtet. Ich spreche auch gerne bei euren Events oder auf eurem Podcast. Es gibt verschiedene M\u00f6glichkeiten, wie wir miteinander kooperieren k\u00f6nnen. Schreibt mir am besten eine E-Mail mit euren Ideen: <a rel=\"noreferrer noopener\" href=\"mailto:sprachlabor@martina-gerdts.de\" target=\"_blank\">sprachlabor@martina-gerdts.de<\/a>.<\/p>\n\n\n\n<p><\/p>\n","protected":false},"excerpt":{"rendered":"<p>Ihr k\u00f6nnt euch gerne bei mir melden, falls ihr mit mir zusammenarbeiten m\u00f6chtet. Ich spreche auch gerne bei euren Events oder auf eurem Podcast. Es gibt verschiedene M\u00f6glichkeiten, wie wir miteinander kooperieren k\u00f6nnen. Schreibt mir am besten eine E-Mail mit euren Ideen: sprachlabor@martina-gerdts.de.<\/p>\n","protected":false},"author":1,"featured_media":0,"parent":0,"menu_order":0,"comment_status":"closed","ping_status":"closed","template":"","meta":{"footnotes":""},"class_list":["post-815","page","type-page","status-publish","hentry"],"translation":{"provider":"WPGlobus","version":"3.0.2","language":"en","enabled_languages":["de","en","pt"],"languages":{"de":{"title":true,"content":true,"excerpt":false},"en":{"title":false,"content":false,"excerpt":false},"pt":{"title":false,"content":false,"excerpt":false}}},"_links":{"self":[{"href":"https:\/\/martina-gerdts.de\/en\/wp-json\/wp\/v2\/pages\/815","targetHints":{"allow":["GET"]}}],"collection":[{"href":"https:\/\/martina-gerdts.de\/en\/wp-json\/wp\/v2\/pages"}],"about":[{"href":"https:\/\/martina-gerdts.de\/en\/wp-json\/wp\/v2\/types\/page"}],"author":[{"embeddable":true,"href":"https:\/\/martina-gerdts.de\/en\/wp-json\/wp\/v2\/users\/1"}],"replies":[{"embeddable":true,"href":"https:\/\/martina-gerdts.de\/en\/wp-json\/wp\/v2\/comments?post=815"}],"version-history":[{"count":1,"href":"https:\/\/martina-gerdts.de\/en\/wp-json\/wp\/v2\/pages\/815\/revisions"}],"predecessor-version":[{"id":817,"href":"https:\/\/martina-gerdts.de\/en\/wp-json\/wp\/v2\/pages\/815\/revisions\/817"}],"wp:attachment":[{"href":"https:\/\/martina-gerdts.de\/en\/wp-json\/wp\/v2\/media?parent=815"}],"curies":[{"name":"wp","href":"https:\/\/api.w.org\/{rel}","templated":true}]}}