{"id":885,"date":"2023-02-16T19:08:55","date_gmt":"2023-02-16T18:08:55","guid":{"rendered":"https:\/\/martina-gerdts.de\/?page_id=885"},"modified":"2023-02-16T19:19:12","modified_gmt":"2023-02-16T18:19:12","slug":"wuerfelspiel-verbformen","status":"publish","type":"page","link":"https:\/\/martina-gerdts.de\/en\/wuerfelspiel-verbformen\/","title":{"rendered":"W\u00fcrfelspiel &#8220;Verbformen&#8221;"},"content":{"rendered":"\n<figure class=\"wp-block-image size-large\"><img loading=\"lazy\" decoding=\"async\" width=\"700\" height=\"431\" src=\"https:\/\/martina-gerdts.de\/wp-content\/uploads\/2023\/02\/Foto_Wuerfelspiel_Verformen-e1676571223524-700x431.jpeg\" alt=\"Foto von der Anleitung mit zwei W\u00fcrfeln\" class=\"wp-image-891\"\/><\/figure>\n\n\n\n<p>Es gibt eine kleine Spielanleitung f\u00fcr ein W\u00fcrfelspiel, mit dem Verbformen ge\u00fcbt werden k\u00f6nnen. Ich habe eine Anleitung f\u00fcr Leute erstellt, die gerade beginnen, Spanisch zu lernen. Die Anleitung kann aber auch f\u00fcr andere Themen angepasst werden. <\/p>\n\n\n\n<p>Hier geht&#8217;s zur Datei:<\/p>\n\n\n\n<div data-wp-interactive=\"core\/file\" class=\"wp-block-file\"><object data-wp-bind--hidden=\"!state.hasPdfPreview\" hidden class=\"wp-block-file__embed\" data=\"https:\/\/martina-gerdts.de\/wp-content\/uploads\/2023\/02\/Wuerfelspiel.pdf\" type=\"application\/pdf\" style=\"width:100%;height:600px\" aria-label=\"Embed of W\u00fcrfelspiel &quot;Verbformen&quot;.\"><\/object><a id=\"wp-block-file--media-0d21fbf4-8524-4905-b252-2503e8975334\" href=\"https:\/\/martina-gerdts.de\/wp-content\/uploads\/2023\/02\/Wuerfelspiel.pdf\">W\u00fcrfelspiel &#8220;Verbformen&#8221;<\/a><a href=\"https:\/\/martina-gerdts.de\/wp-content\/uploads\/2023\/02\/Wuerfelspiel.pdf\" class=\"wp-block-file__button wp-element-button\" download aria-describedby=\"wp-block-file--media-0d21fbf4-8524-4905-b252-2503e8975334\">Herunterladen<\/a><\/div>\n","protected":false},"excerpt":{"rendered":"<p>Es gibt eine kleine Spielanleitung f\u00fcr ein W\u00fcrfelspiel, mit dem Verbformen ge\u00fcbt werden k\u00f6nnen. Ich habe eine Anleitung f\u00fcr Leute erstellt, die gerade beginnen, Spanisch zu lernen. Die Anleitung kann aber auch f\u00fcr andere Themen angepasst werden. Hier geht&#8217;s zur Datei:<\/p>\n","protected":false},"author":1,"featured_media":0,"parent":0,"menu_order":0,"comment_status":"closed","ping_status":"closed","template":"","meta":{"footnotes":""},"class_list":["post-885","page","type-page","status-publish","hentry"],"translation":{"provider":"WPGlobus","version":"3.0.2","language":"en","enabled_languages":["de","en","pt"],"languages":{"de":{"title":true,"content":true,"excerpt":false},"en":{"title":false,"content":false,"excerpt":false},"pt":{"title":false,"content":false,"excerpt":false}}},"_links":{"self":[{"href":"https:\/\/martina-gerdts.de\/en\/wp-json\/wp\/v2\/pages\/885","targetHints":{"allow":["GET"]}}],"collection":[{"href":"https:\/\/martina-gerdts.de\/en\/wp-json\/wp\/v2\/pages"}],"about":[{"href":"https:\/\/martina-gerdts.de\/en\/wp-json\/wp\/v2\/types\/page"}],"author":[{"embeddable":true,"href":"https:\/\/martina-gerdts.de\/en\/wp-json\/wp\/v2\/users\/1"}],"replies":[{"embeddable":true,"href":"https:\/\/martina-gerdts.de\/en\/wp-json\/wp\/v2\/comments?post=885"}],"version-history":[{"count":2,"href":"https:\/\/martina-gerdts.de\/en\/wp-json\/wp\/v2\/pages\/885\/revisions"}],"predecessor-version":[{"id":895,"href":"https:\/\/martina-gerdts.de\/en\/wp-json\/wp\/v2\/pages\/885\/revisions\/895"}],"wp:attachment":[{"href":"https:\/\/martina-gerdts.de\/en\/wp-json\/wp\/v2\/media?parent=885"}],"curies":[{"name":"wp","href":"https:\/\/api.w.org\/{rel}","templated":true}]}}