{"id":934,"date":"2023-02-24T23:34:22","date_gmt":"2023-02-24T22:34:22","guid":{"rendered":"https:\/\/martina-gerdts.de\/?page_id=934"},"modified":"2025-05-26T01:37:32","modified_gmt":"2025-05-26T00:37:32","slug":"mit-dem-interrailticket-durch-italien","status":"publish","type":"page","link":"https:\/\/martina-gerdts.de\/en\/mit-dem-interrailticket-durch-italien\/","title":{"rendered":"Mit dem Interrailticket durch Italien"},"content":{"rendered":"\n<p>Nachdem f\u00fcr ein paar Jahre im Prinzip alle Veranstaltungen nur noch online oder extrem lokal eingeschr\u00e4nkt stattgefunden haben, hatte ich die M\u00f6glichkeit 2022 im Rahmen der linguistischen Tagung <em>Lavender Languages and Linguistics<\/em> nach Italien zu fahren. Die Tagung, die ich im Jahr davor online kennengelernt hatte (damals fand sie an der Westk\u00fcste der USA statt, was mein Schlafrhythmus nicht unbedingt witzig fand&#8230;), fand auf Sizilien in Catania statt. Der Veranstaltungsort war ein ehemaliges Kloster, was nun von der Universit\u00e4t dort mitgenutzt wird. <\/p>\n\n\n\n<h2 class=\"wp-block-heading\">Im Zug auf die Insel<\/h2>\n\n\n\n<p>Als ich Freund*innen von meinem Vorhaben erz\u00e4hlte, nach Sizilien f\u00fcr diese Tagung zu fahren, sind alle davon ausgegangen, dass ich mit dem Flugzeug anreisen w\u00fcrde. Verschiedene Faktoren spielten in meine Entscheidung rein, diesen Weg nicht zu gehen. Letztendlich habe ich den Zug genommen und bin von Hamburg \u00fcber Z\u00fcrich, Mailand und Salerno nach Catania mit dem Zug gefahren. Durch einen Nachtzug von Mailand nach Salerno konnte ich auch ohne gro\u00dfe Unterbrechung reisen. Was ich vorher nicht wusste: Vom italienischen Festland auf die Insel gibt es eine F\u00e4hre, auf die der Zug einfach rauftransportiert wird, so dass ich nicht einmal umsteigen musste, um auf die Insel zu kommen. <\/p>\n\n\n\n<h2 class=\"wp-block-heading\">Hinweise f\u00fcr den Weg durch die Schweiz<\/h2>\n\n\n\n<p>Um von Deutschland nach Italien zu kommen, ist es notwendig \u00fcber die Schweiz oder \u00d6sterreich (oder beide) zu fahren. Wenn man \u00fcber die Schweiz f\u00e4hrt, sollte man bedenken, dass dort das EU-Roaming nicht funktioniert, da die Schweiz nicht zur EU geh\u00f6rt. Im ICE, mit dem ich von Hamburg nach Z\u00fcrich gefahren bin, ist mir auch aufgefallen, dass es nachdem wir \u00fcber die L\u00e4ndergrenze gefahren waren, nicht mehr m\u00f6glich war, mit Bargeld in Euro zu bezahlen. Zum Gl\u00fcck funktionierte meine Bankkarte in der Schweiz \u00fcberall, wo es notwendig war. <\/p>\n\n\n\n<h2 class=\"wp-block-heading\">Mit dem Zug durch Italien<\/h2>\n\n\n\n<p>Beim Interrailticket ist es so, dass man sich damit die Preise f\u00fcr die Einzelfahrten spart, die man sich \u00fcber das Ticket zusammenklickt, aber Sitzplatzreservierungen m\u00fcssen bei Bedarf zus\u00e4tzlich gebucht und bezahlt werden, Dies funktioniert (Stand 24.02.2023) nicht \u00fcber die Seiten vom Interrailticket. In L\u00e4ndern wie Portugal, Frankreich oder eben auch Italien haben Fernz\u00fcge in der Regel eine Reservierungspflicht. Das bedeutet, dass man sich die Tickets f\u00fcr die Z\u00fcge im Prinzip spontan direkt vor Fahrtantritt zusammenklicken kann, aber die Sitzplatzreservierung muss man sich irgendwie anders erstmal beschaffen. Hierf\u00fcr gibt es verschiedene Wege. Wenn man aber spontan reisen m\u00f6chte, sollte man gucken, dass man genug Zeit zum Warten beim Fahrkartenschalter einplant. Zus\u00e4tzlich kann es auch passieren, dass alle Sitzpl\u00e4tze bereits vergeben sind und man so einen bestimmten Zug nicht nehmen darf. Das hat aber denn eben auch den Vorteil, dass man nicht mit \u00fcberf\u00fcllten Z\u00fcgen ohne eigenen Sitzplatz konfrontiert ist, sorgt aber auch daf\u00fcr, dass es Extrakosten zum Interrailticket gibt, die man sich in anderen L\u00e4ndern wie Deutschland, der Schweiz und \u00d6sterreich sparen k\u00f6nnte. <\/p>\n\n\n\n<img loading=\"lazy\" decoding=\"async\" src=\"https:\/\/vg09.met.vgwort.de\/na\/26df2fc1ea7d4e8cbfedc162b87cc2e5\" width=\"1\" height=\"1\" alt=\"\">\n","protected":false},"excerpt":{"rendered":"<p>Nachdem f\u00fcr ein paar Jahre im Prinzip alle Veranstaltungen nur noch online oder extrem lokal eingeschr\u00e4nkt stattgefunden haben, hatte ich die M\u00f6glichkeit 2022 im Rahmen der linguistischen Tagung Lavender Languages and Linguistics nach Italien zu fahren. Die Tagung, die ich im Jahr davor online kennengelernt hatte (damals fand sie an der Westk\u00fcste der USA statt, &hellip; <\/p>\n<p class=\"link-more\"><a href=\"https:\/\/martina-gerdts.de\/en\/mit-dem-interrailticket-durch-italien\/\" class=\"more-link\">Continue reading<span class=\"screen-reader-text\"> &#8220;Mit dem Interrailticket durch Italien&#8221;<\/span><\/a><\/p>\n","protected":false},"author":1,"featured_media":0,"parent":0,"menu_order":0,"comment_status":"closed","ping_status":"closed","template":"","meta":{"footnotes":""},"class_list":["post-934","page","type-page","status-publish","hentry"],"translation":{"provider":"WPGlobus","version":"3.0.2","language":"en","enabled_languages":["de","en","pt"],"languages":{"de":{"title":true,"content":true,"excerpt":false},"en":{"title":false,"content":false,"excerpt":false},"pt":{"title":false,"content":false,"excerpt":false}}},"_links":{"self":[{"href":"https:\/\/martina-gerdts.de\/en\/wp-json\/wp\/v2\/pages\/934","targetHints":{"allow":["GET"]}}],"collection":[{"href":"https:\/\/martina-gerdts.de\/en\/wp-json\/wp\/v2\/pages"}],"about":[{"href":"https:\/\/martina-gerdts.de\/en\/wp-json\/wp\/v2\/types\/page"}],"author":[{"embeddable":true,"href":"https:\/\/martina-gerdts.de\/en\/wp-json\/wp\/v2\/users\/1"}],"replies":[{"embeddable":true,"href":"https:\/\/martina-gerdts.de\/en\/wp-json\/wp\/v2\/comments?post=934"}],"version-history":[{"count":2,"href":"https:\/\/martina-gerdts.de\/en\/wp-json\/wp\/v2\/pages\/934\/revisions"}],"predecessor-version":[{"id":961,"href":"https:\/\/martina-gerdts.de\/en\/wp-json\/wp\/v2\/pages\/934\/revisions\/961"}],"wp:attachment":[{"href":"https:\/\/martina-gerdts.de\/en\/wp-json\/wp\/v2\/media?parent=934"}],"curies":[{"name":"wp","href":"https:\/\/api.w.org\/{rel}","templated":true}]}}