{"id":1021,"date":"2023-07-09T21:16:23","date_gmt":"2023-07-09T20:16:23","guid":{"rendered":"https:\/\/martina-gerdts.de\/?page_id=1021"},"modified":"2024-07-19T20:41:55","modified_gmt":"2024-07-19T19:41:55","slug":"schach","status":"publish","type":"page","link":"https:\/\/martina-gerdts.de\/pt\/schach\/","title":{"rendered":"Schachecke"},"content":{"rendered":"\n<p>Nun, wo einige Trainingsangebote durch die Corona-Zeiten online dazu gekommen sind und gleichzeitig wieder mehr Events in Pr\u00e4senz stattfinden k\u00f6nnen, habe ich mich dazu entschieden, wieder mit dem Schachspielen anzufangen. <\/p>\n\n\n\n<p>Neben meinen Eins\u00e4tzen als Spielerin bei Mannschaftsk\u00e4mpfen f\u00fcr den Hamburger SK und bei Einzelturnieren, habe ich nun auch einen Schiedsrichter-Schein als Regionaler Schiedsrichter (Fide: National Arbiter) erworben und gebe nun zus\u00e4tzlich auch Schachtraining. Au\u00dferdem schreibe ich Beitr\u00e4ge f\u00fcr die Website des Hamburger SK, so zum Beispiel \u00fcber die Hamburger Frauen-Einzelmeisterschaft 2023: <a href=\"https:\/\/hsk1830.de\/martina-gerdts-berichtet-ueber-die-hamburger-frauen-einzelmeisterschaft\" target=\"_blank\" rel=\"noreferrer noopener\">https:\/\/hsk1830.de\/martina-gerdts-berichtet-ueber-die-hamburger-frauen-einzelmeisterschaft<\/a>. Gleichzeitig schreibe ich auf der Schach-Plattform Lichess auch an meinem eigenen Schachblog: <a href=\"https:\/\/lichess.org\/@\/MartinaGe\/blog\">https:\/\/lichess.org\/@\/MartinaGe\/blog<\/a>.<\/p>\n\n\n\n<p>Wenn ihr Interesse an meinen Schachartikeln habt, k\u00f6nnt ihr euch den gleichnamigen Unterreiter <a href=\"https:\/\/martina-gerdts.de\/schach\/schachartikel\/\" data-type=\"link\" data-id=\"https:\/\/martina-gerdts.de\/schach\/schachartikel\/\">&#8220;Schachartikel&#8221;<\/a> ansehen. Dort habe ich eine \u00dcbersicht zu allen von mir erstellten Artikeln erstellt. Zus\u00e4tzlich habt ihr die M\u00f6glichkeit, euch <a href=\"https:\/\/martina-gerdts.de\/schach\/lernmaterial-schach\/\" data-type=\"link\" data-id=\"https:\/\/martina-gerdts.de\/schach\/lernmaterial-schach\/\">Lernmaterial<\/a> von mir anzusehen. Dort befindet sich im Moment beispielsweise eine Datei, die bei der Schachnotation (in 5 Sprachen) helfen kann. <\/p>\n","protected":false},"excerpt":{"rendered":"<p>Nun, wo einige Trainingsangebote durch die Corona-Zeiten online dazu gekommen sind und gleichzeitig wieder mehr Events in Pr\u00e4senz stattfinden k\u00f6nnen, habe ich mich dazu entschieden, wieder mit dem Schachspielen anzufangen. Neben meinen Eins\u00e4tzen als Spielerin bei Mannschaftsk\u00e4mpfen f\u00fcr den Hamburger SK und bei Einzelturnieren, habe ich nun auch einen Schiedsrichter-Schein als Regionaler Schiedsrichter (Fide: National &hellip; <\/p>\n<p class=\"link-more\"><a href=\"https:\/\/martina-gerdts.de\/pt\/schach\/\" class=\"more-link\">Continue reading<span class=\"screen-reader-text\"> &#8220;Schachecke&#8221;<\/span><\/a><\/p>\n","protected":false},"author":1,"featured_media":0,"parent":0,"menu_order":0,"comment_status":"closed","ping_status":"closed","template":"","meta":{"footnotes":""},"class_list":["post-1021","page","type-page","status-publish","hentry"],"translation":{"provider":"WPGlobus","version":"3.0.2","language":"pt","enabled_languages":["de","en","pt"],"languages":{"de":{"title":true,"content":true,"excerpt":false},"en":{"title":false,"content":false,"excerpt":false},"pt":{"title":false,"content":false,"excerpt":false}}},"_links":{"self":[{"href":"https:\/\/martina-gerdts.de\/pt\/wp-json\/wp\/v2\/pages\/1021","targetHints":{"allow":["GET"]}}],"collection":[{"href":"https:\/\/martina-gerdts.de\/pt\/wp-json\/wp\/v2\/pages"}],"about":[{"href":"https:\/\/martina-gerdts.de\/pt\/wp-json\/wp\/v2\/types\/page"}],"author":[{"embeddable":true,"href":"https:\/\/martina-gerdts.de\/pt\/wp-json\/wp\/v2\/users\/1"}],"replies":[{"embeddable":true,"href":"https:\/\/martina-gerdts.de\/pt\/wp-json\/wp\/v2\/comments?post=1021"}],"version-history":[{"count":10,"href":"https:\/\/martina-gerdts.de\/pt\/wp-json\/wp\/v2\/pages\/1021\/revisions"}],"predecessor-version":[{"id":1169,"href":"https:\/\/martina-gerdts.de\/pt\/wp-json\/wp\/v2\/pages\/1021\/revisions\/1169"}],"wp:attachment":[{"href":"https:\/\/martina-gerdts.de\/pt\/wp-json\/wp\/v2\/media?parent=1021"}],"curies":[{"name":"wp","href":"https:\/\/api.w.org\/{rel}","templated":true}]}}