{"id":1160,"date":"2024-07-19T20:28:55","date_gmt":"2024-07-19T19:28:55","guid":{"rendered":"https:\/\/martina-gerdts.de\/?page_id=1160"},"modified":"2025-07-21T11:00:41","modified_gmt":"2025-07-21T10:00:41","slug":"lernmaterial-schach","status":"publish","type":"page","link":"https:\/\/martina-gerdts.de\/pt\/schach\/lernmaterial-schach\/","title":{"rendered":"Lernmaterial Schach"},"content":{"rendered":"\n<p>Sch\u00f6n, dass du es hierher gefunden hast! Hier findest du meine Sammlung f\u00fcr Lernmaterial zum Thema Schach. Die erste Datei, die ich an dieser Stelle teilen m\u00f6chte, ist die folgende. Dort findet ihr alles Wissenswerte zum Thema Schachnotation in f\u00fcnf verschiedenen Sprachen.<\/p>\n\n\n\n<p><strong>Material 1: Schachnotation in 5 Sprachen \/ Chess in 5 languages (Deutsch &#8211; English &#8211; Italiano &#8211; Espa\u00f1ol &#8211; Portugu\u00eas)<\/strong> &#8211; aktualisierte Version vom 04.06.25.<\/p>\n\n\n\n<div data-wp-interactive=\"core\/file\" class=\"wp-block-file\"><object data-wp-bind--hidden=\"!state.hasPdfPreview\" hidden class=\"wp-block-file__embed\" data=\"https:\/\/martina-gerdts.de\/wp-content\/uploads\/2025\/06\/Chess-in-5-languages-1.pdf\" type=\"application\/pdf\" style=\"width:100%;height:600px\" aria-label=\"Embed of Chess in 5 languages.\"><\/object><a id=\"wp-block-file--media-da4c10c7-70a7-42e2-a9f0-b9836d6f6bc1\" href=\"https:\/\/martina-gerdts.de\/wp-content\/uploads\/2025\/06\/Chess-in-5-languages-1.pdf\">Chess in 5 languages<\/a><a href=\"https:\/\/martina-gerdts.de\/wp-content\/uploads\/2025\/06\/Chess-in-5-languages-1.pdf\" class=\"wp-block-file__button wp-element-button\" download aria-describedby=\"wp-block-file--media-da4c10c7-70a7-42e2-a9f0-b9836d6f6bc1\">Herunterladen<\/a><\/div>\n\n\n\n<p>Viel Spa\u00df damit!<\/p>\n\n\n\n<p><\/p>\n\n\n\n<p><strong>Audiovisuelle Empfehlungen <\/strong>(aka. jede*r braucht mal eine Ausrede daf\u00fcr, viel zu lang auf Youtube rumzuh\u00e4ngen):<\/p>\n\n\n\n<p>WFM Anna Cramling (englischsprachiger Content): <a href=\"https:\/\/www.youtube.com\/@AnnaCramling\">https:\/\/www.youtube.com\/@AnnaCramling<\/a>.<\/p>\n\n\n\n<p>IM Levy Rozman aka. GothamChess (englischsprachiger Content):<br><a href=\"https:\/\/www.youtube.com\/@GothamChess\">https:\/\/www.youtube.com\/@GothamChess<\/a>.<\/p>\n\n\n\n<p>WGM Josefine Heinemann (deutschsprachiger Content):<\/p>\n\n\n\n<p><a href=\"https:\/\/www.youtube.com\/@josefineschach\">https:\/\/www.youtube.com\/@josefineschach<\/a>.<\/p>\n\n\n\n<p>GM Rasmus Svane (deutschsprachiger Content):<\/p>\n\n\n\n<p><a href=\"https:\/\/www.youtube.com\/@GMRasmusSvane42\">https:\/\/www.youtube.com\/@GMRasmusSvane42<\/a>.<\/p>\n\n\n\n<p><\/p>\n\n\n\n<p><strong>Endspieltraining<\/strong><\/p>\n\n\n\n<figure class=\"wp-block-image size-large is-resized\"><img loading=\"lazy\" decoding=\"async\" width=\"700\" height=\"494\" src=\"https:\/\/martina-gerdts.de\/wp-content\/uploads\/2025\/05\/WhatsApp-Image-2025-05-21-at-02.56.49-1-700x494.jpeg\" alt=\"\" class=\"wp-image-1299\" style=\"width:381px;height:auto\" srcset=\"https:\/\/martina-gerdts.de\/wp-content\/uploads\/2025\/05\/WhatsApp-Image-2025-05-21-at-02.56.49-1-700x494.jpeg 700w, https:\/\/martina-gerdts.de\/wp-content\/uploads\/2025\/05\/WhatsApp-Image-2025-05-21-at-02.56.49-1-300x212.jpeg 300w, https:\/\/martina-gerdts.de\/wp-content\/uploads\/2025\/05\/WhatsApp-Image-2025-05-21-at-02.56.49-1-768x542.jpeg 768w, https:\/\/martina-gerdts.de\/wp-content\/uploads\/2025\/05\/WhatsApp-Image-2025-05-21-at-02.56.49-1-1536x1083.jpeg 1536w, https:\/\/martina-gerdts.de\/wp-content\/uploads\/2025\/05\/WhatsApp-Image-2025-05-21-at-02.56.49-1.jpeg 2040w\" sizes=\"auto, (max-width: 700px) 100vw, 700px\" \/><\/figure>\n\n\n\n<p>De la Villa, Jesus (2023):&nbsp;<em>100 endgames you must know,<\/em>&nbsp;Englische Version, 6. verbesserte Ausgabe, Alkmaar: New in Chess.<\/p>\n\n\n\n<p>De la Villa Garc\u00eda, Jes\u00fas (2018):&nbsp;<em>Los 100 finales que hay que saber,<\/em>&nbsp;Spanische Version, 3. \u00fcberarbeitete Ausgabe, Santa Eulalia de Morc\u00edn: Editorial Chessy.<\/p>\n\n\n\n<p>Es gibt zu diesen B\u00fcchern diverse Ausgaben. Ich w\u00fcrde empfehlen einfach die neueste Ausgabe zu nehmen, an die ihr rankommt. Das hier sind einfach die, die ich habe. <\/p>\n\n\n\n<p><\/p>\n\n\n\n<p><strong>Taktiktraining<\/strong><\/p>\n\n\n\n<p>B\u00fccher zur Stappenmethode: <a href=\"https:\/\/www.stappenmethode.de\/schuelerhefte\/?p=1\">https:\/\/www.stappenmethode.de\/schuelerhefte\/?p=1<\/a>, <br>L\u00f6sungen zu den Aufgaben sind im Online-Shop unter &#8220;Download&#8221; erreichbar!<\/p>\n\n\n\n<p><strong>Ajedrez (t\u00e1ctica, finales y estrategia) en espa\u00f1ol<\/strong>: <a href=\"https:\/\/ajedrezpractico.com\">https:\/\/ajedrezpractico.com<\/a><\/p>\n\n\n\n<p><\/p>\n\n\n\n<p><strong>Los leyes del ajedrez \/ Schachregeln auf Spanisch<\/strong><\/p>\n\n\n\n<p><strong>Material en espa\u00f1ol (y material bilingual espa\u00f1ol &amp; ingl\u00e9s) sobre los leyes del ajedrez (p.ej. para \u00e1rbitros)<\/strong>: <a href=\"https:\/\/farm.es\/traducciones-reglamentacion-fide\/\">https:\/\/farm.es\/traducciones-reglamentacion-fide\/<\/a><\/p>\n","protected":false},"excerpt":{"rendered":"<p>Sch\u00f6n, dass du es hierher gefunden hast! Hier findest du meine Sammlung f\u00fcr Lernmaterial zum Thema Schach. Die erste Datei, die ich an dieser Stelle teilen m\u00f6chte, ist die folgende. Dort findet ihr alles Wissenswerte zum Thema Schachnotation in f\u00fcnf verschiedenen Sprachen. Material 1: Schachnotation in 5 Sprachen \/ Chess in 5 languages (Deutsch &#8211; &hellip; <\/p>\n<p class=\"link-more\"><a href=\"https:\/\/martina-gerdts.de\/pt\/schach\/lernmaterial-schach\/\" class=\"more-link\">Continue reading<span class=\"screen-reader-text\"> &#8220;Lernmaterial Schach&#8221;<\/span><\/a><\/p>\n","protected":false},"author":1,"featured_media":0,"parent":1021,"menu_order":0,"comment_status":"closed","ping_status":"closed","template":"","meta":{"footnotes":""},"class_list":["post-1160","page","type-page","status-publish","hentry"],"translation":{"provider":"WPGlobus","version":"3.0.2","language":"pt","enabled_languages":["de","en","pt"],"languages":{"de":{"title":true,"content":true,"excerpt":false},"en":{"title":false,"content":false,"excerpt":false},"pt":{"title":false,"content":false,"excerpt":false}}},"_links":{"self":[{"href":"https:\/\/martina-gerdts.de\/pt\/wp-json\/wp\/v2\/pages\/1160","targetHints":{"allow":["GET"]}}],"collection":[{"href":"https:\/\/martina-gerdts.de\/pt\/wp-json\/wp\/v2\/pages"}],"about":[{"href":"https:\/\/martina-gerdts.de\/pt\/wp-json\/wp\/v2\/types\/page"}],"author":[{"embeddable":true,"href":"https:\/\/martina-gerdts.de\/pt\/wp-json\/wp\/v2\/users\/1"}],"replies":[{"embeddable":true,"href":"https:\/\/martina-gerdts.de\/pt\/wp-json\/wp\/v2\/comments?post=1160"}],"version-history":[{"count":22,"href":"https:\/\/martina-gerdts.de\/pt\/wp-json\/wp\/v2\/pages\/1160\/revisions"}],"predecessor-version":[{"id":1418,"href":"https:\/\/martina-gerdts.de\/pt\/wp-json\/wp\/v2\/pages\/1160\/revisions\/1418"}],"up":[{"embeddable":true,"href":"https:\/\/martina-gerdts.de\/pt\/wp-json\/wp\/v2\/pages\/1021"}],"wp:attachment":[{"href":"https:\/\/martina-gerdts.de\/pt\/wp-json\/wp\/v2\/media?parent=1160"}],"curies":[{"name":"wp","href":"https:\/\/api.w.org\/{rel}","templated":true}]}}