{"id":1164,"date":"2024-07-19T20:32:10","date_gmt":"2024-07-19T19:32:10","guid":{"rendered":"https:\/\/martina-gerdts.de\/?page_id=1164"},"modified":"2025-10-22T17:15:40","modified_gmt":"2025-10-22T16:15:40","slug":"schachartikel","status":"publish","type":"page","link":"https:\/\/martina-gerdts.de\/pt\/schach\/schachartikel\/","title":{"rendered":"Schachartikel"},"content":{"rendered":"\n<h2 class=\"wp-block-heading\">Schachtexte auf eigenen Blogs:<\/h2>\n\n\n\n<p><strong>&#8220;Matt mit Springer und L\u00e4ufer &#8211; Die letzten Schritte ab einem Matt in 7&#8221; (mit \u00dcbungen)<\/strong> (07.10.25), Lichess-Blog, <a href=\"https:\/\/lichess.org\/@\/MartinaGe\/blog\/matt-mit-springer-und-laufer-die-letzten-schritte-ab-einem-matt-in-7\/1zWDebKZ\">https:\/\/lichess.org\/@\/MartinaGe\/blog\/matt-mit-springer-und-laufer-die-letzten-schritte-ab-einem-matt-in-7\/1zWDebKZ<\/a>, Artikel zum \u00dcben der letzten Schritte des Matts mit Springer und L\u00e4ufer. <\/p>\n\n\n\n<p><strong>&#8220;Back to school: Learn chess specific lingo in Portuguese&#8221;<\/strong> (27.08.25), Lichess-Blog, <a href=\"https:\/\/lichess.org\/@\/MartinaGe\/blog\/back-to-school-learn-chess-specific-lingo-in-portuguese\/8H0xbbJt\">https:\/\/lichess.org\/@\/MartinaGe\/blog\/back-to-school-learn-chess-specific-lingo-in-portuguese\/8H0xbbJt<\/a>, Artikel zum Portugiesischlernen in Bezug auf Schachvokabular.<\/p>\n\n\n\n<p><strong>&#8220;Draw after Petrov&#8217;s defense between GM Navara and GM Bl\u00fcbaum in Poland&#8221;<\/strong> (19.08.25), Lichess-Blog, <a href=\"https:\/\/lichess.org\/@\/MartinaGe\/blog\/draw-after-petrovs-defense-between-gm-navara-and-gm-blubaum-in-poland\/eulpsegC\">https:\/\/lichess.org\/@\/MartinaGe\/blog\/draw-after-petrovs-defense-between-gm-navara-and-gm-blubaum-in-poland\/eulpsegC<\/a>, Besprechung einer Partie zwischen GM David Navara und GM Matthias Bl\u00fcbaum beim Rubinstein Chessfestival 2025. <\/p>\n\n\n\n<p><strong>&#8220;Wie funktioniert die Spanische Liga?&#8221;<\/strong> (14.08.25), Lichess-Blog, <a href=\"https:\/\/lichess.org\/@\/MartinaGe\/blog\/wie-funktioniert-die-spanische-liga\/IfRkUCom\">https:\/\/lichess.org\/@\/MartinaGe\/blog\/wie-funktioniert-die-spanische-liga\/IfRkUCom<\/a>, Artikel zum Blitzen als M\u00f6glichkeit sich zu verbessern.<\/p>\n\n\n\n<p><strong>&#8220;Gegen viel st\u00e4rkere Gegner*innen blitzen?&#8221;<\/strong> (22.06.25), Lichess-Blog, <a href=\"https:\/\/lichess.org\/@\/MartinaGe\/blog\/gegen-viel-starkere-gegnerinnen-blitzen\/n1PPusxj\">https:\/\/lichess.org\/@\/MartinaGe\/blog\/gegen-viel-starkere-gegnerinnen-blitzen\/n1PPusxj<\/a>, Artikel zum Blitzen als M\u00f6glichkeit sich zu verbessern.<\/p>\n\n\n\n<p><strong>&#8220;Verbrauchte Bedenkzeit bei Chessbase anzeigen lassen?&#8221;<\/strong> (04.06.25), Lichess-Blog, <a href=\"https:\/\/lichess.org\/@\/MartinaGe\/blog\/verbrauchte-bedenkzeit-bei-chessbase-anzeigen-lassen\/d4kCDoQ6\">https:\/\/lichess.org\/@\/MartinaGe\/blog\/verbrauchte-bedenkzeit-bei-chessbase-anzeigen-lassen\/d4kCDoQ6<\/a>, Artikel mit L\u00f6sungsvorschlag f\u00fcr ein Problem mit der Anzeige von verbrauchter Bedenkzeit bei einigen Dateien aus Lichess\/Chess.com-Download. <\/p>\n\n\n\n<p><strong>&#8220;Learning about rook vs. pawn endgames: English\/Spanish bilingual mode&#8221;<\/strong> (25.05.25), Lichess-Blog, <a href=\"https:\/\/lichess.org\/@\/MartinaGe\/blog\/learning-about-rook-vs-pawn-endgames-englishspanish-bilingual-mode\/MYEhl2iq\">https:\/\/lichess.org\/@\/MartinaGe\/blog\/learning-about-rook-vs-pawn-endgames-englishspanish-bilingual-mode\/MYEhl2iq<\/a>, Artikel \u00fcber &#8220;einfachere&#8221; Turm vs. Bauer Endspiele anhand englischsprachigem und spanischsprachigem Material mit kleiner Vokabelliste (mit Extramaterial zum Download: <a href=\"https:\/\/martina-gerdts.de\/bilingual-endgames-material\/\">https:\/\/martina-gerdts.de\/bilingual-endgames-material\/<\/a>).<\/p>\n\n\n\n<p><strong>&#8220;Preparing for the Polish league Ekstraliga: Dipping into language learning!&#8221;<\/strong> (25.05.25), Lichess-Blog, <a href=\"https:\/\/lichess.org\/@\/MartinaGe\/blog\/preparing-for-the-polish-league-ekstraliga-dipping-into-language-learning\/QsYubKj8\">https:\/\/lichess.org\/@\/MartinaGe\/blog\/preparing-for-the-polish-league-ekstraliga-dipping-into-language-learning\/QsYubKj8<\/a>, Artikel zur Vorbereitung auf ein Schachturnier in Polen &#8211; bez\u00fcglich der polnischen Sprache.<\/p>\n\n\n\n<p><strong>&#8220;Creating your own language learning material with chess books!&#8221;<\/strong> (21.05.25), Lichess-Blog, <a href=\"https:\/\/lichess.org\/@\/MartinaGe\/blog\/creating-your-own-language-learning-material-with-chess-books\/pcHhdApP\">https:\/\/lichess.org\/@\/MartinaGe\/blog\/creating-your-own-language-learning-material-with-chess-books\/pcHhdApP<\/a>, Artikel zur Nutzung von verschiedenen \u00dcbersetzungen eines Buches f\u00fcr &#8220;Do-It-Yourself&#8221; bilinguales Lernmaterial zum Sprachenlernen.<\/p>\n\n\n\n<p><strong>\u201eRemis im Endspiel: Eine Philidor-Stellung in freier Wildbahn!\u201c<\/strong>(20.05.25), Lichess-Blog,&nbsp;<a href=\"https:\/\/lichess.org\/@\/MartinaGe\/blog\/remis-im-endspiel-eine-philidor-stellung-in-freier-wildbahn\/MzpKIXow\">https:\/\/lichess.org\/@\/MartinaGe\/blog\/remis-im-endspiel-eine-philidor-stellung-in-freier-wildbahn\/MzpKIXow<\/a>, Artikel \u00fcber das Remis durch die Philidor-Stellung und \u00fcber das Lernen von Endspielstellungen.<\/p>\n\n\n\n<p><strong>&#8220;Schachpartien im Kontext: Was macht Nachbesprechungen von Partien so stark?&#8221;<\/strong> (20.05.25), Lichess-Blog, <a href=\"https:\/\/lichess.org\/@\/MartinaGe\/blog\/schachpartien-im-kontext-was-macht-nachbesprechungen-von-partien-so-stark\/vGM65r1V\">https:\/\/lichess.org\/@\/MartinaGe\/blog\/schachpartien-im-kontext-was-macht-nachbesprechungen-von-partien-so-stark\/vGM65r1V<\/a>, Artikel \u00fcber Partie-Nachbesprechungen, die entstandene Stellungen in einen Kontext setzen und damit Schach besser erlebbar machen (auch f\u00fcr das Publikum).<\/p>\n\n\n\n<p><strong>&#8220;Don&#8217;t draw too early!&#8221;<\/strong> (20.12.24), Lichess-Blog, <a href=\"https:\/\/lichess.org\/@\/MartinaGe\/blog\/dont-draw-too-early\/625VrrW3\">https:\/\/lichess.org\/@\/MartinaGe\/blog\/dont-draw-too-early\/625VrrW3<\/a>, Artikel \u00fcber einen Gruppensieg, den ich beinahe nicht sofort erspielt h\u00e4tte, weil ich fast zu fr\u00fch f\u00fcr ein Remis gespielt h\u00e4tte.<\/p>\n\n\n\n<p><strong>&#8220;The bilingual chess classroom: Some anecdotes and tips&#8221;<\/strong> (01.08.24), Lichess-Blog, <a href=\"https:\/\/lichess.org\/@\/MartinaGe\/blog\/the-bilingual-chess-classroom-some-anecdotes-and-tips\/gDqViNYs\">https:\/\/lichess.org\/@\/MartinaGe\/blog\/the-bilingual-chess-classroom-some-anecdotes-and-tips\/gDqViNYs<\/a>, Artikel \u00fcber M\u00f6glichkeiten, das Schachtraining mehrsprachig zu gestalten.<\/p>\n\n\n\n<p><strong>&#8220;Using chess as a tool to learn languages: For intermediate and advanced learners&#8221;<\/strong> (26.07.24), Lichess-Blog, <a href=\"https:\/\/lichess.org\/@\/MartinaGe\/blog\/using-chess-as-a-tool-to-learn-languages-for-intermediate-and-advanced-learners\/Fpi1vRLH\">https:\/\/lichess.org\/@\/MartinaGe\/blog\/using-chess-as-a-tool-to-learn-languages-for-intermediate-and-advanced-learners\/Fpi1vRLH<\/a>, Artikel \u00fcber Schach als Lerngelegenheit zum Sprachenlernen mit Beispielen.<\/p>\n\n\n\n<p><strong>&#8220;Mein Versuch gegen das Londoner System&#8221;<\/strong> (20.07.24), Lichess-Blog, <a href=\"https:\/\/lichess.org\/@\/MartinaGe\/blog\/mein-versuch-gegen-das-londoner-system\/eCrxWxYI\">https:\/\/lichess.org\/@\/MartinaGe\/blog\/mein-versuch-gegen-das-londoner-system\/eCrxWxYI<\/a>, Artikel \u00fcber eine eigene Partie von der Internationalen Offenen Deutschen Frauen-Einzelmeisterschaft 2023; komplette Spielanalyse.<\/p>\n\n\n\n<p><strong>&#8220;Chess notation puzzle &#8211; Algebraic notation in several languages&#8221;<\/strong> (19.07.24), Lichess-Blog, <a href=\"https:\/\/lichess.org\/@\/MartinaGe\/blog\/chess-notation-puzzle-algebraic-notation-in-several-languages\/2uLIZvvG\">https:\/\/lichess.org\/@\/MartinaGe\/blog\/chess-notation-puzzle-algebraic-notation-in-several-languages\/2uLIZvvG<\/a>, Artikel auf Englisch \u00fcber die algebraische Notation im Schach inklusive ein paar R\u00e4tseln zum Herausfinden der Sprache, die f\u00fcr die Notation verwendet wurde. <\/p>\n\n\n\n<p><strong>&#8220;How to prepare for a chess tournament abroad &#8230; language-wise&#8221; <\/strong>(18.07.24), Lichess-Blog, <a href=\"https:\/\/lichess.org\/@\/MartinaGe\/blog\/how-to-prepare-for-a-chess-tournament-abroad--language-wise\/XkMRYexb\">https:\/\/lichess.org\/@\/MartinaGe\/blog\/how-to-prepare-for-a-chess-tournament-abroad&#8211;language-wise\/XkMRYexb<\/a>, Artikel auf Englisch \u00fcber die sprachliche Vorbereitung auf ein Schachturnier im Ausland. <\/p>\n\n\n\n<p><strong>&#8220;Zeit w\u00e4hrend des Schachspiels \u2013 Fernschach&#8221;<\/strong> (17.07.24), Lichess-Blog, <a href=\"https:\/\/lichess.org\/@\/MartinaGe\/blog\/zeit-wahrend-des-schachspiels--fernschach\/Cht0wwZ8\">https:\/\/lichess.org\/@\/MartinaGe\/blog\/zeit-wahrend-des-schachspiels&#8211;fernschach\/Cht0wwZ8<\/a>, \u00fcber das besonders langsame Schachspiel im Fernschach. <\/p>\n\n\n\n<p><strong>&#8220;Gebt nicht auf &#8211; Wie ich mit einem Springer weniger gewonnen habe!&#8221;<\/strong> (05.06.24), Lichess-Blog, <a href=\"https:\/\/lichess.org\/@\/MartinaGe\/blog\/gebt-nicht-auf-wie-ich-mit-einem-springer-weniger-gewonnen-habe\/qqBg4FUY\">https:\/\/lichess.org\/@\/MartinaGe\/blog\/gebt-nicht-auf-wie-ich-mit-einem-springer-weniger-gewonnen-habe\/qqBg4FUY<\/a>, \u00fcber das Aufgeben und Weiterspielen im Schach. <\/p>\n\n\n\n<p><strong>&#8220;\u00c4nderungen bei der Elo &#8211; ein paar Beispielrechnungen&#8221; <\/strong>(13.04.24), Lichess-Blog, <a href=\"https:\/\/lichess.org\/@\/MartinaGe\/blog\/anderungen-bei-der-elo-ein-paar-beispielrechnungen\/OsnaglIr\">https:\/\/lichess.org\/@\/MartinaGe\/blog\/anderungen-bei-der-elo-ein-paar-beispielrechnungen\/OsnaglIr<\/a>, \u00fcber eine Neuberechnung der offiziellen internationalen Elo durch die Fide.<\/p>\n\n\n\n<p><strong>&#8220;Achtung, Anf\u00e4ngerfalle! &#8211; vergiftete Bauern und Doppelangriffe&#8221; <\/strong>(12.04.24), Lichess-Blog, <a href=\"https:\/\/lichess.org\/@\/MartinaGe\/blog\/achtung-anfangerfalle-vergiftete-bauern-und-doppelangriffe\/VIhvGI93\">https:\/\/lichess.org\/@\/MartinaGe\/blog\/achtung-anfangerfalle-vergiftete-bauern-und-doppelangriffe\/VIhvGI93<\/a>, \u00fcber Fallen im Schach.<\/p>\n\n\n\n<p><strong>&#8220;Warum sollte ich meinen Bauern in etwas anderes als eine Dame umwandeln?!&#8221; <\/strong>(18.02.24), Lichess-Blog, <a href=\"https:\/\/lichess.org\/@\/MartinaGe\/blog\/warum-sollte-ich-meinen-bauern-in-etwas-anderes-als-eine-dame-umwandeln\/zMgh91jK\">https:\/\/lichess.org\/@\/MartinaGe\/blog\/warum-sollte-ich-meinen-bauern-in-etwas-anderes-als-eine-dame-umwandeln\/zMgh91jK<\/a>, \u00fcber die Umwandlung eines Bauerns, wenn dieser das Brettende erreicht. <\/p>\n\n\n\n<p><strong>&#8220;Achtung bei den Schachregeln! &#8211; Rochade und &#8220;en passant&#8221; schlagen&#8221; <\/strong>(23.11.23), Lichess-Blog, <a href=\"https:\/\/lichess.org\/@\/MartinaGe\/blog\/achtung-bei-den-schachregeln-rochade-und-en-passant-schlagen\/SyC8O8NC\">https:\/\/lichess.org\/@\/MartinaGe\/blog\/achtung-bei-den-schachregeln-rochade-und-en-passant-schlagen\/SyC8O8NC<\/a>, \u00fcber Sonderregeln wie Rochade und das &#8220;en passant&#8221;-Schlagen im Schach.<\/p>\n\n\n\n<p>&#8220;<strong>Mit Wei\u00df gegen Gr\u00fcnfeld-Indisch &#8211; ein kleiner Trick (und eine Polgar-Partie!)<\/strong>&#8221; (20.7.23), Lichess-Blog, <a rel=\"noreferrer noopener\" href=\"https:\/\/lichess.org\/@\/MartinaGe\/blog\/mit-wei-gegen-grunfeld-indisch-ein-kleiner-trick-und-eine-polgar-partie\/NUMdzWl6\" target=\"_blank\">https:\/\/lichess.org\/@\/MartinaGe\/blog\/mit-wei-gegen-grunfeld-indisch-ein-kleiner-trick-und-eine-polgar-partie\/NUMdzWl6<\/a>. Besprechung einer kleinen Taktik bei fianchettiertem L\u00e4ufer (z.B. in Gr\u00fcnfeld-Indisch) am Beispiel einer Partie von Susan Polgar.<\/p>\n\n\n\n<p>&#8220;<strong>Ein kleiner Trick in der Pirc-Verteidigung<\/strong>&#8221; (20.7.23), Lichess-Blog, <a rel=\"noreferrer noopener\" href=\"https:\/\/lichess.org\/@\/MartinaGe\/blog\/ein-kleiner-trick-in-der-pirc-verteidigung\/WoMpWTgd\" target=\"_blank\">https:\/\/lichess.org\/@\/MartinaGe\/blog\/ein-kleiner-trick-in-der-pirc-verteidigung\/WoMpWTgd<\/a>. Besprechung einer kleinen Taktik in der Pirc-Verteidigung und im Vierspringerspiel. <\/p>\n\n\n\n<p>&#8220;<strong>Zitate, Redewendungen und Begriffe des Schachspiels in der deutschen Sprache<\/strong>&#8221; (4.7.23), eigene Website, <a rel=\"noreferrer noopener\" href=\"https:\/\/martina-gerdts.de\/zitate-redewendungen-und-begriffe-des-schachspiels-in-der-deutschen-sprache\/\" target=\"_blank\">https:\/\/martina-gerdts.de\/zitate-redewendungen-und-begriffe-des-schachspiels-in-der-deutschen-sprache\/<\/a>. \u00dcberblick zu Ausdr\u00fccken aus dem Bereich Schach in der deutschen Sprache. <\/p>\n\n\n\n<p>&#8220;<strong>Die anderen Remis: Das ausgespielte Remis bei gleicher Spielst\u00e4rke<\/strong>&#8221; (28.5.23), eigener Lichess-Blog, <a rel=\"noreferrer noopener\" href=\"https:\/\/lichess.org\/@\/MartinaGe\/blog\/die-anderen-remis-das-ausgespielte-remis-bei-gleicher-spielstarke\/dKB8yyMq\" target=\"_blank\">https:\/\/lichess.org\/@\/MartinaGe\/blog\/die-anderen-remis-das-ausgespielte-remis-bei-gleicher-spielstarke\/dKB8yyMq<\/a>. Artikel \u00fcber das ausgespielte Remis im Schach.<\/p>\n\n\n\n<p>&#8220;<strong>Remis und die Sorge vorm Verlieren<\/strong>&#8221; (8.5.23), eigener Lichess-Blog, <a href=\"https:\/\/lichess.org\/@\/MartinaGe\/blog\/remis-und-die-sorge-vorm-verlieren\/iCxCGDff\" target=\"_blank\" rel=\"noreferrer noopener\">https:\/\/lichess.org\/@\/MartinaGe\/blog\/remis-und-die-sorge-vorm-verlieren\/iCxCGDff<\/a>, Artikel \u00fcber das (fr\u00fchzeitig) vereinbarte Remis im Schach.<\/p>\n\n\n\n<p>&#8220;<strong>Franz\u00f6sisch und Englisch am Schachbrett: Hobbys nutzen beim Sprachenlernen<\/strong>&#8221; (18.2.23), eigene Website, <a rel=\"noreferrer noopener\" href=\"https:\/\/martina-gerdts.de\/franzoesisch-und-englisch-am-schachbrett-hobbys-nutzen-beim-sprachenlernen\/\" target=\"_blank\">https:\/\/martina-gerdts.de\/franzoesisch-und-englisch-am-schachbrett-hobbys-nutzen-beim-sprachenlernen\/<\/a>. Text zur Nutzung von Hobbys f\u00fcrs Sprachenlernen am Beispiel meiner Erfahrungen beim Schach. <\/p>\n\n\n\n<p><\/p>\n\n\n\n<hr class=\"wp-block-separator has-alpha-channel-opacity\"\/>\n\n\n\n<h2 class=\"wp-block-heading\">Meine Schachtexte auf anderen Seiten:<\/h2>\n\n\n\n<p><strong>&#8220;Partie\u00fcbertragung 1. Runde Frauenbundesliga: HSK 1 vs. OSG Baden-Baden&#8221;<\/strong> (20.9.25), Website HSK, <a href=\"https:\/\/hsk1830.de\/partieuebertragung-1-runde-frauenbundesliga-hsk-1-vs-osg-baden-baden\">https:\/\/hsk1830.de\/partieuebertragung-1-runde-frauenbundesliga-hsk-1-vs-osg-baden-baden<\/a>, Vorbericht mit Verlinkung zu Livepartien der 1. Runde der 1. Frauenbundesliga (HSK 1 vs. OSG Baden-Baden).<\/p>\n\n\n\n<p><strong>&#8220;Neuzug\u00e4nge, erfahrene Spielerinnen und eine R\u00fcckkehrerin: Unser Team f\u00fcr die 1. Frauenbundesliga 2025\/26&#8221;<\/strong> (16.9.25), Website HSK, <a href=\"https:\/\/hsk1830.de\/neuzugaenge-erfahrene-spielerinnen-und-eine-rueckkehrerin-unser-team-fuer-die-1-frauenbundesliga-2025-26\">https:\/\/hsk1830.de\/neuzugaenge-erfahrene-spielerinnen-und-eine-rueckkehrerin-unser-team-fuer-die-1-frauenbundesliga-2025-26<\/a>, Teamvorstellung HSK 1, 1. Frauenbundesliga, Saison 2025\/26.<\/p>\n\n\n\n<p><strong>&#8220;Beginn der niederl\u00e4ndischen Meesterklasse 2025\/2026&#8221;<\/strong> (18.9.25), Website HSK, <a href=\"https:\/\/hsk1830.de\/beginn-der-niederlaendischen-meesterklasse-2025-2026\">https:\/\/hsk1830.de\/beginn-der-niederlaendischen-meesterklasse-2025-2026<\/a>, Vorbericht zur h\u00f6chsten Schachliga der Niederlande.<\/p>\n\n\n\n<p><strong>&#8220;Neuzug\u00e4nge, erfahrene Spielerinnen und eine R\u00fcckkehrerin: Unser Team f\u00fcr die 1. Frauenbundesliga 2025\/26&#8221;<\/strong> (16.9.25), Website HSK, <a href=\"https:\/\/hsk1830.de\/neuzugaenge-erfahrene-spielerinnen-und-eine-rueckkehrerin-unser-team-fuer-die-1-frauenbundesliga-2025-26\">https:\/\/hsk1830.de\/neuzugaenge-erfahrene-spielerinnen-und-eine-rueckkehrerin-unser-team-fuer-die-1-frauenbundesliga-2025-26<\/a>, Teamvorstellung HSK 1, 1. Frauenbundesliga, Saison 2025\/26.<\/p>\n\n\n\n<p><strong>&#8220;Nachrichten aus Budapest: IM-Titel f\u00fcr Zs\u00f3ka Ga\u00e1l&#8221;<\/strong> (17.8.25), Website HSK, <a href=\"https:\/\/hsk1830.de\/nachrichten-aus-budapest-im-titel-fuer-zsoka-gaal\">https:\/\/hsk1830.de\/nachrichten-aus-budapest-im-titel-fuer-zsoka-gaal<\/a>, Bericht \u00fcber finale IM-Norm f\u00fcr WGM Zs\u00f3ka Ga\u00e1l.<\/p>\n\n\n\n<p><strong>&#8220;News vom indischen Top-Turnier: GM Leon Luke Mendonca bei den Quantbox Chennai Challengers 2025&#8221;<\/strong> (17.8.25), Website HSK, <a href=\"https:\/\/hsk1830.de\/news-vom-indischen-top-turnier-gm-leon-luke-mendonca-bei-den-quantbox-chennai-challengers-2025\">https:\/\/hsk1830.de\/news-vom-indischen-top-turnier-gm-leon-luke-mendonca-bei-den-quantbox-chennai-challengers-2025<\/a>, Turnierbericht zu Quantbox Chennai Challengers mit GM Leon Luke Mendonca.<\/p>\n\n\n\n<p><strong>&#8220;Hamburger Beteiligung in der Spanischen Liga&#8221;<\/strong> (15.8.25), Website HSK, <a href=\"https:\/\/hsk1830.de\/hamburger-beteiligung-in-der-spanischen-liga\">https:\/\/hsk1830.de\/hamburger-beteiligung-in-der-spanischen-liga<\/a>, Turnierbericht zur Spanischen Liga zu GM Rasmus Svane, GM Frederik Svane, IM Eline Roebers, GM Nils Grandelius.<\/p>\n\n\n\n<p><strong>&#8220;Update von den Hamburger Einzelmeisterschaften&#8221;<\/strong> (13.6.25), Website HSK, <a href=\"https:\/\/hsk1830.de\/update-von-den-hamburger-einzelmeisterschaften\">https:\/\/hsk1830.de\/update-von-den-hamburger-einzelmeisterschaften<\/a>, Zwischenbericht zur Hamburger Einzelmeisterschaft 2025.<\/p>\n\n\n\n<p><strong>&#8220;BL, HSK 1: Weitere Einblicke von der Bundesliga-Endrunde&#8221;<\/strong> (29.4.25), Website HSK, <a href=\"https:\/\/hsk1830.de\/bl-hsk-1-weitere-einblicke-von-der-bundesliga-endrunde\">https:\/\/hsk1830.de\/bl-hsk-1-weitere-einblicke-von-der-bundesliga-endrunde<\/a>, Bericht \u00fcber Bundesliga-Endrunde 2025; Blogversion von Instagram-Post. <\/p>\n\n\n\n<p><strong>&#8220;Kieler Open: Die sch\u00f6nste Kombi, die leider nicht gespielt wurde&#8221;<\/strong> (31.7.24), Website HSK, <a href=\"https:\/\/hsk1830.de\/kieler-open-die-schoenste-kombi-die-leider-nicht-gespielt-wurde\">https:\/\/hsk1830.de\/kieler-open-die-schoenste-kombi-die-leider-nicht-gespielt-wurde<\/a>, Beitrag zu Stellung aus Partie vom Kieler Open 2024. <\/p>\n\n\n\n<p><strong>&#8220;Zwischenbericht vom Sportplatz in Kiel: 36. Kieler Open (27.7.-2.8.24)&#8221;<\/strong> (30.7.24), Website HSK, <a href=\"https:\/\/hsk1830.de\/zwischenbericht-vom-sportplatz-in-kiel-36-kieler-open-27-7-2-8-24\">https:\/\/hsk1830.de\/zwischenbericht-vom-sportplatz-in-kiel-36-kieler-open-27-7-2-8-24<\/a>, Zwischenbericht vom Kieler Open 2024. <\/p>\n\n\n\n<p><strong>&#8220;Internationale Offene Deutsche Fraueneinzelmeisterschaft 2023&#8221;<\/strong> (15.7.23), Website HSK, <a href=\"https:\/\/hsk1830.de\/internationale-offene-deutsche-fraueneinzelmeisterschaft-2023\" target=\"_blank\" rel=\"noreferrer noopener\">https:\/\/hsk1830.de\/internationale-offene-deutsche-fraueneinzelmeisterschaft-2023<\/a>. Bericht \u00fcber die IODFEM 2023.<\/p>\n\n\n\n<p><strong>&#8220;Martina Gerdts berichtet \u00fcber die Hamburger Frauen-Einzelmeisterschaft!&#8221;<\/strong> (3.7.23), Website HSK, <a rel=\"noreferrer noopener\" href=\"https:\/\/hsk1830.de\/martina-gerdts-berichtet-ueber-die-hamburger-frauen-einzelmeisterschaft\" target=\"_blank\">https:\/\/hsk1830.de\/martina-gerdts-berichtet-ueber-die-hamburger-frauen-einzelmeisterschaft<\/a>. Bericht \u00fcber die HFEM 2023.<\/p>\n\n\n\n<p><strong>&#8220;Hamburger Einzelmeisterschaft: Wir waren in allen Klassen vertreten!&#8221;<\/strong> (18.6.23), Website HSK, <a rel=\"noreferrer noopener\" href=\"https:\/\/hsk1830.de\/hamburger-einzelmeisterschaft-nachberichterstattung-von-martina-gerdts-und-arne-bracker\" target=\"_blank\">https:\/\/hsk1830.de\/hamburger-einzelmeisterschaft-nachberichterstattung-von-martina-gerdts-und-arne-bracker<\/a>. Bericht \u00fcber die HEM 2023, geteilter Bericht mit Arne Bracker. <\/p>\n\n\n\n<p>&#8220;<strong>Ein Ausblick auf Veranstaltungen im Frauenschach: Letzte Runde in der Landesliga und zwei Landesmeisterschaften<\/strong>&#8221; (18.6.23), Website HSK, <a rel=\"noreferrer noopener\" href=\"https:\/\/hsk1830.de\/ein-ausblick-auf-veranstaltungen-im-frauenschach-letzte-runde-in-der-landesliga-und-zwei-landesmeisterschaften\" target=\"_blank\">https:\/\/hsk1830.de\/ein-ausblick-auf-veranstaltungen-im-frauenschach-letzte-runde-in-der-landesliga-und-zwei-landesmeisterschaften<\/a>. Vorschau auf damals anstehende Wettbewerbe im (Hamburger) Frauenschach. <\/p>\n\n\n\n<p>&#8220;<strong>Ein Ausflug zu unseren Nachbarinnen in Schleswig-Holstein von Martina Gerdts<\/strong>&#8221; (31.5.23), Website HSK, <a rel=\"noreferrer noopener\" href=\"https:\/\/hsk1830.de\/ein-ausflug-zu-unseren-nachbarinnen-in-schleswig-holstein-von-martina-gerdts\" target=\"_blank\">https:\/\/hsk1830.de\/ein-ausflug-zu-unseren-nachbarinnen-in-schleswig-holstein-von-martina-gerdts<\/a>. Bericht \u00fcber die OSHFEM 2023.<\/p>\n\n\n\n<p>&#8220;<strong>Hamburger Einzelmeisterschaft \u2013 Zwischenbericht nach Runde 1<\/strong>&#8221; (28.5.23), Website HSK, <a rel=\"noreferrer noopener\" href=\"https:\/\/hsk1830.de\/hamburger-einzelmeisterschaft-zwischenbericht-nach-runde-1\" target=\"_blank\">https:\/\/hsk1830.de\/hamburger-einzelmeisterschaft-zwischenbericht-nach-runde-1<\/a>. Zwischenbericht \u00fcber die HEM 2023.<\/p>\n\n\n\n<p>&#8220;<strong>Was passiert, wenn eine Linguistin an einem Schachbrett sitzt?<\/strong>&#8221; (21.3.23), Language At Play, <a href=\"https:\/\/languageatplay.de\/2023\/03\/21\/was-passiert-wenn-eine-linguistin-an-einem-schachbrett-sitzt\/\" target=\"_blank\" rel=\"noreferrer noopener\">https:\/\/languageatplay.de\/2023\/03\/21\/was-passiert-wenn-eine-linguistin-an-einem-schachbrett-sitzt\/<\/a>. Erfahrungsbericht Schach &amp; Linguistik im Vergleich.<\/p>\n\n\n\n<p><\/p>\n\n\n\n<p><a href=\"https:\/\/hsk1830.de\/author\/martina\">Autorenseite Martina Gerdts Website Hamburger SK<\/a><\/p>\n\n\n\n<p><\/p>\n","protected":false},"excerpt":{"rendered":"<p>Schachtexte auf eigenen Blogs: &#8220;Matt mit Springer und L\u00e4ufer &#8211; Die letzten Schritte ab einem Matt in 7&#8221; (mit \u00dcbungen) (07.10.25), Lichess-Blog, https:\/\/lichess.org\/@\/MartinaGe\/blog\/matt-mit-springer-und-laufer-die-letzten-schritte-ab-einem-matt-in-7\/1zWDebKZ, Artikel zum \u00dcben der letzten Schritte des Matts mit Springer und L\u00e4ufer. &#8220;Back to school: Learn chess specific lingo in Portuguese&#8221; (27.08.25), Lichess-Blog, https:\/\/lichess.org\/@\/MartinaGe\/blog\/back-to-school-learn-chess-specific-lingo-in-portuguese\/8H0xbbJt, Artikel zum Portugiesischlernen in Bezug auf Schachvokabular. &#8220;Draw &hellip; <\/p>\n<p class=\"link-more\"><a href=\"https:\/\/martina-gerdts.de\/pt\/schach\/schachartikel\/\" class=\"more-link\">Continue reading<span class=\"screen-reader-text\"> &#8220;Schachartikel&#8221;<\/span><\/a><\/p>\n","protected":false},"author":1,"featured_media":0,"parent":1021,"menu_order":0,"comment_status":"closed","ping_status":"closed","template":"","meta":{"footnotes":""},"class_list":["post-1164","page","type-page","status-publish","hentry"],"translation":{"provider":"WPGlobus","version":"3.0.2","language":"pt","enabled_languages":["de","en","pt"],"languages":{"de":{"title":true,"content":true,"excerpt":false},"en":{"title":false,"content":false,"excerpt":false},"pt":{"title":false,"content":false,"excerpt":false}}},"_links":{"self":[{"href":"https:\/\/martina-gerdts.de\/pt\/wp-json\/wp\/v2\/pages\/1164","targetHints":{"allow":["GET"]}}],"collection":[{"href":"https:\/\/martina-gerdts.de\/pt\/wp-json\/wp\/v2\/pages"}],"about":[{"href":"https:\/\/martina-gerdts.de\/pt\/wp-json\/wp\/v2\/types\/page"}],"author":[{"embeddable":true,"href":"https:\/\/martina-gerdts.de\/pt\/wp-json\/wp\/v2\/users\/1"}],"replies":[{"embeddable":true,"href":"https:\/\/martina-gerdts.de\/pt\/wp-json\/wp\/v2\/comments?post=1164"}],"version-history":[{"count":19,"href":"https:\/\/martina-gerdts.de\/pt\/wp-json\/wp\/v2\/pages\/1164\/revisions"}],"predecessor-version":[{"id":1428,"href":"https:\/\/martina-gerdts.de\/pt\/wp-json\/wp\/v2\/pages\/1164\/revisions\/1428"}],"up":[{"embeddable":true,"href":"https:\/\/martina-gerdts.de\/pt\/wp-json\/wp\/v2\/pages\/1021"}],"wp:attachment":[{"href":"https:\/\/martina-gerdts.de\/pt\/wp-json\/wp\/v2\/media?parent=1164"}],"curies":[{"name":"wp","href":"https:\/\/api.w.org\/{rel}","templated":true}]}}