{"id":1181,"date":"2024-07-25T09:00:05","date_gmt":"2024-07-25T08:00:05","guid":{"rendered":"https:\/\/martina-gerdts.de\/?page_id=1181"},"modified":"2025-06-24T10:44:03","modified_gmt":"2025-06-24T09:44:03","slug":"deutsch","status":"publish","type":"page","link":"https:\/\/martina-gerdts.de\/pt\/deutsch\/","title":{"rendered":"Deutsch"},"content":{"rendered":"\n<p>Du m\u00f6chtest Deutsch lernen? H\u00e4ttest du Interesse daran, dabei mit mir zusammenzuarbeiten? Ich kann dir das Lernen selbst nicht abnehmen, aber ich kann dir auf unterschiedlichen Wegen des Lernens beistehen. Wenn du ein bestimmtes Anliegen hast, kannst du mir gern schreiben und ich gucke, wie ich helfen kann. Die Hilfe sieht manchmal so aus, dass ich dich auf eine Sprachschule oder Kolleg*innen von mir verweise. Abh\u00e4ngig von deinem Anliegen, kann es aber auch sein, dass wir direkt miteinander arbeiten k\u00f6nnen. <\/p>\n\n\n\n<h2 class=\"wp-block-heading\">Deutschsprachige Literaturempfehlungen<\/h2>\n\n\n\n<p>Kuhnke, Jasmina (2022): <em>Schwarzes Herz<\/em>, Rowohlt: Hamburg. <br><a href=\"https:\/\/www.rowohlt.de\/buch\/jasmina-kuhnke-schwarzes-herz-9783499006784\">Zur Verlagsseite von &#8220;Schwarzes Herz&#8221;&#8230;<\/a><\/p>\n\n\n\n<figure class=\"wp-block-image size-large is-resized\"><img loading=\"lazy\" decoding=\"async\" width=\"700\" height=\"1064\" src=\"https:\/\/martina-gerdts.de\/wp-content\/uploads\/2025\/05\/SchwarzesHerz_JasminaKuhnke-700x1064.jpeg\" alt=\"Buchtitel &quot;Schwarzes Herz&quot;, Jasmina Kuhnke, Spiegel Bestseller, Roman, rororo.\" class=\"wp-image-1272\" style=\"width:243px;height:auto\" srcset=\"https:\/\/martina-gerdts.de\/wp-content\/uploads\/2025\/05\/SchwarzesHerz_JasminaKuhnke-700x1064.jpeg 700w, https:\/\/martina-gerdts.de\/wp-content\/uploads\/2025\/05\/SchwarzesHerz_JasminaKuhnke-197x300.jpeg 197w, https:\/\/martina-gerdts.de\/wp-content\/uploads\/2025\/05\/SchwarzesHerz_JasminaKuhnke-768x1168.jpeg 768w, https:\/\/martina-gerdts.de\/wp-content\/uploads\/2025\/05\/SchwarzesHerz_JasminaKuhnke-1010x1536.jpeg 1010w, https:\/\/martina-gerdts.de\/wp-content\/uploads\/2025\/05\/SchwarzesHerz_JasminaKuhnke-1347x2048.jpeg 1347w, https:\/\/martina-gerdts.de\/wp-content\/uploads\/2025\/05\/SchwarzesHerz_JasminaKuhnke.jpeg 1476w\" sizes=\"auto, (max-width: 700px) 100vw, 700px\" \/><\/figure>\n\n\n\n<p><\/p>\n\n\n\n<h2 class=\"wp-block-heading\">Tipp f\u00fcr Zusammenfassungen und einen ersten \u00dcberblick<\/h2>\n\n\n\n<p>Manchmal ist Literatur nicht unbedingt zug\u00e4nglich f\u00fcr eine breite Leserschaft. Die Texte sind lang, man wei\u00df noch nicht, was man erwarten kann und ob das Thema passt. Vielleicht m\u00f6chte man auch erstmal gucken, worum es eigentlich so grob geht.<\/p>\n\n\n\n<p>Es gibt einen Youtube-Kanal &#8220;Sommers Weltliteratur to go&#8221;, wo mithilfe von Spielzeugfiguren weltweit bekannte Literatur in relativ kurzen Videos zusammengefasst wird. Da findet man Zusammenfassungen von deutschsprachiger Literatur, aber auch von Literatur aus anderen Sprachen; alles auf Deutsch zusammengefasst. <\/p>\n\n\n\n<p>Hier ist ein Link f\u00fcr ein Video zu Isabel Allendes<a href=\"https:\/\/www.youtube.com\/watch?v=oLRht7D-Uzo\"> &#8220;Das Geisterhaus&#8221; (Originaltitel des Buches: La casa de los esp\u00edritus), &#8220;verplaymobilisiert&#8221; (Wortwahl aus der Videobeschreibung) von Sommers Weltliteratur to go<\/a>.<\/p>\n","protected":false},"excerpt":{"rendered":"<p>Du m\u00f6chtest Deutsch lernen? H\u00e4ttest du Interesse daran, dabei mit mir zusammenzuarbeiten? Ich kann dir das Lernen selbst nicht abnehmen, aber ich kann dir auf unterschiedlichen Wegen des Lernens beistehen. Wenn du ein bestimmtes Anliegen hast, kannst du mir gern schreiben und ich gucke, wie ich helfen kann. Die Hilfe sieht manchmal so aus, dass &hellip; <\/p>\n<p class=\"link-more\"><a href=\"https:\/\/martina-gerdts.de\/pt\/deutsch\/\" class=\"more-link\">Continue reading<span class=\"screen-reader-text\"> &#8220;Deutsch&#8221;<\/span><\/a><\/p>\n","protected":false},"author":1,"featured_media":0,"parent":0,"menu_order":0,"comment_status":"closed","ping_status":"closed","template":"","meta":{"footnotes":""},"class_list":["post-1181","page","type-page","status-publish","hentry"],"translation":{"provider":"WPGlobus","version":"3.0.2","language":"pt","enabled_languages":["de","en","pt"],"languages":{"de":{"title":true,"content":true,"excerpt":false},"en":{"title":false,"content":false,"excerpt":false},"pt":{"title":false,"content":false,"excerpt":false}}},"_links":{"self":[{"href":"https:\/\/martina-gerdts.de\/pt\/wp-json\/wp\/v2\/pages\/1181","targetHints":{"allow":["GET"]}}],"collection":[{"href":"https:\/\/martina-gerdts.de\/pt\/wp-json\/wp\/v2\/pages"}],"about":[{"href":"https:\/\/martina-gerdts.de\/pt\/wp-json\/wp\/v2\/types\/page"}],"author":[{"embeddable":true,"href":"https:\/\/martina-gerdts.de\/pt\/wp-json\/wp\/v2\/users\/1"}],"replies":[{"embeddable":true,"href":"https:\/\/martina-gerdts.de\/pt\/wp-json\/wp\/v2\/comments?post=1181"}],"version-history":[{"count":9,"href":"https:\/\/martina-gerdts.de\/pt\/wp-json\/wp\/v2\/pages\/1181\/revisions"}],"predecessor-version":[{"id":1401,"href":"https:\/\/martina-gerdts.de\/pt\/wp-json\/wp\/v2\/pages\/1181\/revisions\/1401"}],"wp:attachment":[{"href":"https:\/\/martina-gerdts.de\/pt\/wp-json\/wp\/v2\/media?parent=1181"}],"curies":[{"name":"wp","href":"https:\/\/api.w.org\/{rel}","templated":true}]}}