{"id":13,"date":"2021-01-11T12:07:36","date_gmt":"2021-01-11T12:07:36","guid":{"rendered":"https:\/\/martina-gerdts.de\/?page_id=13"},"modified":"2026-02-27T18:41:56","modified_gmt":"2026-02-27T17:41:56","slug":"the-new-umoma-opens-its-doors-2","status":"publish","type":"page","link":"https:\/\/martina-gerdts.de\/pt\/","title":{"rendered":"Das digitale Sprachlabor hat offene T\u00fcren"},"content":{"rendered":"\n<div class=\"wp-block-group alignwide\"><div class=\"wp-block-group__inner-container is-layout-flow wp-block-group-is-layout-flow\">\n<h2 class=\"wp-block-heading has-text-align-center\" id=\"welcome-have-a-look-around\">&#8211; Welcome! Have a look around!<\/h2>\n<\/div><\/div>\n\n\n\n<div class=\"wp-block-columns alignwide is-layout-flex wp-container-core-columns-is-layout-9d6595d7 wp-block-columns-is-layout-flex\">\n<div class=\"wp-block-column is-layout-flow wp-block-column-is-layout-flow\"><\/div>\n\n\n\n<div class=\"wp-block-column is-layout-flow wp-block-column-is-layout-flow\"><\/div>\n<\/div>\n\n\n\n<p><strong>Einladung zum Rundgang<\/strong> (Change language in the menu for the English version!)<\/p>\n\n\n\n<p>Willkommen auf meiner Website! Hier sammle ich Texte und Links zu verschiedenen Themen, meist im gro\u00dfen Themenbereich Sprache(n), Linguistik und Schach.<\/p>\n\n\n\n<p>Ich gebe <a href=\"https:\/\/martina-gerdts.de\/sprachunterricht\/\">Portugiesisch- und Spanischunterricht<\/a>, schreibe \u00fcber Sprachen und Schach und kombiniere beide Themen auch gern.<\/p>\n\n\n\n<p>Aktuelles findet man meist in meinem <a href=\"https:\/\/martina-gerdts.de\/blog\/\">Blog<\/a>. Dort berichte ich \u00fcber Neuigkeiten, teile aber auch den einen oder anderen Gedanken mit der Welt. Um nichts zu verpassen, empfehle ich, meinem <a href=\"https:\/\/martina-gerdts.de\/newsletter\/\">Newsletter<\/a> zu folgen. Falls man mich kontaktieren m\u00f6chte, sind verschiedene M\u00f6glichkeiten daf\u00fcr unter &#8220;<a href=\"https:\/\/martina-gerdts.de\/kontakt\/\">Kontakte<\/a>&#8221; zu finden. So kann man mich auch bei Interesse an Sprachunterricht erreichen.<\/p>\n\n\n\n<p>Ansonsten guckt euch gerne mal um! <\/p>\n\n\n\n<p><\/p>\n\n\n\n<p>Meine Social Media Links: <a href=\"https:\/\/www.instagram.com\/martinalanguageslinguistics\/\" target=\"_blank\" rel=\"noreferrer noopener\">Instagram<\/a> <a href=\"https:\/\/www.linkedin.com\/in\/martina-g-923534199\/\">LinkedIn<\/a><\/p>\n\n\n\n<p><\/p>\n\n\n\n<p><\/p>\n\n\n\n<p><\/p>\n\n\n\n<p><\/p>\n\n\n\n<p>Titelbild: Alster in Hamburg, Foto aufgenommen von Martina Gerdts.<\/p>\n\n\n\n<p><\/p>\n","protected":false},"excerpt":{"rendered":"<p>&#8211; Welcome! Have a look around! Einladung zum Rundgang (Change language in the menu for the English version!) Willkommen auf meiner Website! Hier sammle ich Texte und Links zu verschiedenen Themen, meist im gro\u00dfen Themenbereich Sprache(n), Linguistik und Schach. Ich gebe Portugiesisch- und Spanischunterricht, schreibe \u00fcber Sprachen und Schach und kombiniere beide Themen auch gern. &hellip; <\/p>\n<p class=\"link-more\"><a href=\"https:\/\/martina-gerdts.de\/pt\/\" class=\"more-link\">Continue reading<span class=\"screen-reader-text\"> &#8220;Das digitale Sprachlabor hat offene T\u00fcren&#8221;<\/span><\/a><\/p>\n","protected":false},"author":1,"featured_media":0,"parent":0,"menu_order":0,"comment_status":"closed","ping_status":"closed","template":"","meta":{"footnotes":""},"class_list":["post-13","page","type-page","status-publish","hentry"],"translation":{"provider":"WPGlobus","version":"3.0.2","language":"pt","enabled_languages":["de","en","pt"],"languages":{"de":{"title":true,"content":true,"excerpt":false},"en":{"title":true,"content":true,"excerpt":false},"pt":{"title":false,"content":false,"excerpt":false}}},"_links":{"self":[{"href":"https:\/\/martina-gerdts.de\/pt\/wp-json\/wp\/v2\/pages\/13","targetHints":{"allow":["GET"]}}],"collection":[{"href":"https:\/\/martina-gerdts.de\/pt\/wp-json\/wp\/v2\/pages"}],"about":[{"href":"https:\/\/martina-gerdts.de\/pt\/wp-json\/wp\/v2\/types\/page"}],"author":[{"embeddable":true,"href":"https:\/\/martina-gerdts.de\/pt\/wp-json\/wp\/v2\/users\/1"}],"replies":[{"embeddable":true,"href":"https:\/\/martina-gerdts.de\/pt\/wp-json\/wp\/v2\/comments?post=13"}],"version-history":[{"count":39,"href":"https:\/\/martina-gerdts.de\/pt\/wp-json\/wp\/v2\/pages\/13\/revisions"}],"predecessor-version":[{"id":1486,"href":"https:\/\/martina-gerdts.de\/pt\/wp-json\/wp\/v2\/pages\/13\/revisions\/1486"}],"wp:attachment":[{"href":"https:\/\/martina-gerdts.de\/pt\/wp-json\/wp\/v2\/media?parent=13"}],"curies":[{"name":"wp","href":"https:\/\/api.w.org\/{rel}","templated":true}]}}