{"id":14,"date":"2021-01-11T12:07:36","date_gmt":"2021-01-11T12:07:36","guid":{"rendered":"https:\/\/martina-gerdts.de\/?page_id=14"},"modified":"2026-02-27T18:25:59","modified_gmt":"2026-02-27T17:25:59","slug":"ueber-mich","status":"publish","type":"page","link":"https:\/\/martina-gerdts.de\/pt\/ueber-mich\/","title":{"rendered":"\u00dcber mich"},"content":{"rendered":"\n<p class=\"has-text-align-center\"><strong>Martina Gerdts &#8211; sie\/ihr &amp; she\/her<\/strong><\/p>\n\n\n\n<p><strong>\u00dcber mich<\/strong><\/p>\n\n\n\n<p>Ich gebe Sprachunterricht in Portugiesisch und Spanisch und schreibe Artikel \u00fcber die Schachwelt und das Sprachenlernen, gern auch \u00fcber beide Themen kombiniert.<\/p>\n\n\n\n<p>Ich bin freiberuflich im Bereich Sprache und Texte unterwegs und bin auf dem einen oder anderen Weg h\u00e4ufiger mal in der Sprachforschung anzutreffen.<\/p>\n\n\n\n<p>Diese Seite m\u00f6chte ich daf\u00fcr nutzen, meine Faszination an Sprachen zu teilen, spreche aber manchmal auch \u00fcber andere Themen, die mich auf Trab halten. Man kann mich gerne unter der E-Mailadresse <a href=\"mailto:sprachlabor@martina-gerdts.de\">sprachlabor@martina-gerdts.de<\/a> erreichen. Ich bin auch \u00fcber Social Media Accounts erreichbar. <a href=\"https:\/\/martina-gerdts.de\/kontakt\/\">Hier geht&#8217;s zu meiner Kontaktseite!<\/a><\/p>\n\n\n\n<p><\/p>\n\n\n\n<p><\/p>\n\n\n\n<p><\/p>\n","protected":false},"excerpt":{"rendered":"<p>Martina Gerdts &#8211; sie\/ihr &amp; she\/her \u00dcber mich Ich gebe Sprachunterricht in Portugiesisch und Spanisch und schreibe Artikel \u00fcber die Schachwelt und das Sprachenlernen, gern auch \u00fcber beide Themen kombiniert. Ich bin freiberuflich im Bereich Sprache und Texte unterwegs und bin auf dem einen oder anderen Weg h\u00e4ufiger mal in der Sprachforschung anzutreffen. Diese Seite &hellip; <\/p>\n<p class=\"link-more\"><a href=\"https:\/\/martina-gerdts.de\/pt\/ueber-mich\/\" class=\"more-link\">Continue reading<span class=\"screen-reader-text\"> &#8220;\u00dcber mich&#8221;<\/span><\/a><\/p>\n","protected":false},"author":1,"featured_media":0,"parent":0,"menu_order":0,"comment_status":"closed","ping_status":"closed","template":"","meta":{"footnotes":""},"class_list":["post-14","page","type-page","status-publish","hentry"],"translation":{"provider":"WPGlobus","version":"3.0.2","language":"pt","enabled_languages":["de","en","pt"],"languages":{"de":{"title":true,"content":true,"excerpt":false},"en":{"title":true,"content":true,"excerpt":false},"pt":{"title":false,"content":false,"excerpt":false}}},"_links":{"self":[{"href":"https:\/\/martina-gerdts.de\/pt\/wp-json\/wp\/v2\/pages\/14","targetHints":{"allow":["GET"]}}],"collection":[{"href":"https:\/\/martina-gerdts.de\/pt\/wp-json\/wp\/v2\/pages"}],"about":[{"href":"https:\/\/martina-gerdts.de\/pt\/wp-json\/wp\/v2\/types\/page"}],"author":[{"embeddable":true,"href":"https:\/\/martina-gerdts.de\/pt\/wp-json\/wp\/v2\/users\/1"}],"replies":[{"embeddable":true,"href":"https:\/\/martina-gerdts.de\/pt\/wp-json\/wp\/v2\/comments?post=14"}],"version-history":[{"count":40,"href":"https:\/\/martina-gerdts.de\/pt\/wp-json\/wp\/v2\/pages\/14\/revisions"}],"predecessor-version":[{"id":1479,"href":"https:\/\/martina-gerdts.de\/pt\/wp-json\/wp\/v2\/pages\/14\/revisions\/1479"}],"wp:attachment":[{"href":"https:\/\/martina-gerdts.de\/pt\/wp-json\/wp\/v2\/media?parent=14"}],"curies":[{"name":"wp","href":"https:\/\/api.w.org\/{rel}","templated":true}]}}