{"id":265,"date":"2022-02-16T02:44:05","date_gmt":"2022-02-16T02:44:05","guid":{"rendered":"https:\/\/martina-gerdts.de\/?page_id=265"},"modified":"2024-07-25T10:09:13","modified_gmt":"2024-07-25T09:09:13","slug":"sprachenlernen","status":"publish","type":"page","link":"https:\/\/martina-gerdts.de\/pt\/sprachenlernen\/","title":{"rendered":"Sprachenlernen"},"content":{"rendered":"\n<p>Zum Sprachenlernen gibt es einiges zu sagen, wobei viele Themen auch schon von anderen mehr als gen\u00fcgend bespielt worden sind. Deshalb halte ich es f\u00fcr sinnvoll, eine pers\u00f6nliche Note in das Thema reinzubringen.<\/p>\n\n\n\n<p>Worauf es f\u00fcr mich ankommt:<\/p>\n\n\n\n<ul class=\"wp-block-list\">\n<li><strong>Mit Menschen zusammen lernen<\/strong>: Ich lerne viel besser, wenn ich mit anderen Leuten \u00fcber das Thema reden kann. Sprachen laden dazu ein, bei der Kommunikation auch einfach mal genutzt werden zu k\u00f6nnen. Auch Grammatikregeln lassen sich aus meiner Sicht besser behalten, wenn diese im Gespr\u00e4ch durchgegangen werden als wenn eins alleine mit dem Grammatikbuch am Schreibtisch sitzt.<\/li>\n\n\n\n<li><strong>Die Inhalte pers\u00f6nlich gestalten<\/strong>: Beim Lernen von Inhalten ist es sinnvoll, die Inhalte darauf anzupassen, was du pers\u00f6nlich wirklich brauchst. Ich pers\u00f6nlich brauche f\u00fcr meinen Alltag zum Beispiel einen sicheren Umgang mit Neopronomen und gendersensibler Sprache in Deutsch, aber auch in anderen Sprachen. Deshalb bietet es sich f\u00fcr mich an, diese Themen aktiv in mein Lernmaterial aufzunehmen. <\/li>\n\n\n\n<li><strong>Immer wieder anfangen<\/strong>: H\u00e4ufig hei\u00dft es, dass eins sich am besten so regelm\u00e4\u00dfig wie m\u00f6glich mit der Sprache, die gelernt werden soll, besch\u00e4ftigt. Dem m\u00f6chte ich auch nicht widersprechen. Ich finde den Hinweis wichtig. Die Lebensrealit\u00e4t sieht aber doch h\u00e4ufig anders aus und pl\u00f6tzlich ist die Regelm\u00e4\u00dfigkeit von anderen Dingen unterbrochen worden. Deshalb m\u00f6chte ich den Fokus lieber darauf legen, immer wieder anzufangen. Wenn die Regelm\u00e4\u00dfigkeit unterbrochen werden musste, kann eins sobald es wieder m\u00f6glich ist, mit dem Sprachenlernen neu anfangen und versuchen, die Regelm\u00e4\u00dfigkeit des \u00dcbens wieder in den Alltag einzubauen. <\/li>\n<\/ul>\n\n\n\n<p>Die Wege, wie Menschen Sprachen lernen, k\u00f6nnen sehr unterschiedlich sein. Mir pers\u00f6nlich kommt es nicht darauf an, welche Methode die ultimativ beste ist, um in k\u00fcrzester Zeit verhandlungssicher lesen, schreiben, h\u00f6ren und sprechen zu k\u00f6nnen. Mir geht es darum, dass die Lernenden Sprachen mit einem guten Gef\u00fchl n\u00e4her kommen und sich die Zeit nehmen k\u00f6nnen, verschiedene Methoden zu testen und<strong> sich<\/strong> <strong>ihren Weg individuell gestalten k\u00f6nnen<\/strong>. <\/p>\n\n\n\n<p><img loading=\"lazy\" decoding=\"async\" src=\"https:\/\/vg07.met.vgwort.de\/na\/1ef21cffd76144768bc319d3f13f786b\" width=\"1\" height=\"1\" alt=\"><\/p>\n\n\n\n<p>***<\/p>\n","protected":false},"excerpt":{"rendered":"<p>Zum Sprachenlernen gibt es einiges zu sagen, wobei viele Themen auch schon von anderen mehr als gen\u00fcgend bespielt worden sind. Deshalb halte ich es f\u00fcr sinnvoll, eine pers\u00f6nliche Note in das Thema reinzubringen. Worauf es f\u00fcr mich ankommt: Die Wege, wie Menschen Sprachen lernen, k\u00f6nnen sehr unterschiedlich sein. Mir pers\u00f6nlich kommt es nicht darauf an, &hellip; <\/p>\n<p class=\"link-more\"><a href=\"https:\/\/martina-gerdts.de\/pt\/sprachenlernen\/\" class=\"more-link\">Continue reading<span class=\"screen-reader-text\"> &#8220;Sprachenlernen&#8221;<\/span><\/a><\/p>\n","protected":false},"author":1,"featured_media":0,"parent":0,"menu_order":0,"comment_status":"closed","ping_status":"closed","template":"","meta":{"footnotes":""},"class_list":["post-265","page","type-page","status-publish","hentry"],"translation":{"provider":"WPGlobus","version":"3.0.2","language":"pt","enabled_languages":["de","en","pt"],"languages":{"de":{"title":true,"content":true,"excerpt":false},"en":{"title":true,"content":true,"excerpt":false},"pt":{"title":false,"content":false,"excerpt":false}}},"_links":{"self":[{"href":"https:\/\/martina-gerdts.de\/pt\/wp-json\/wp\/v2\/pages\/265","targetHints":{"allow":["GET"]}}],"collection":[{"href":"https:\/\/martina-gerdts.de\/pt\/wp-json\/wp\/v2\/pages"}],"about":[{"href":"https:\/\/martina-gerdts.de\/pt\/wp-json\/wp\/v2\/types\/page"}],"author":[{"embeddable":true,"href":"https:\/\/martina-gerdts.de\/pt\/wp-json\/wp\/v2\/users\/1"}],"replies":[{"embeddable":true,"href":"https:\/\/martina-gerdts.de\/pt\/wp-json\/wp\/v2\/comments?post=265"}],"version-history":[{"count":26,"href":"https:\/\/martina-gerdts.de\/pt\/wp-json\/wp\/v2\/pages\/265\/revisions"}],"predecessor-version":[{"id":1193,"href":"https:\/\/martina-gerdts.de\/pt\/wp-json\/wp\/v2\/pages\/265\/revisions\/1193"}],"wp:attachment":[{"href":"https:\/\/martina-gerdts.de\/pt\/wp-json\/wp\/v2\/media?parent=265"}],"curies":[{"name":"wp","href":"https:\/\/api.w.org\/{rel}","templated":true}]}}