{"id":376,"date":"2022-03-04T01:20:36","date_gmt":"2022-03-04T01:20:36","guid":{"rendered":"https:\/\/martina-gerdts.de\/?page_id=376"},"modified":"2024-03-08T11:19:47","modified_gmt":"2024-03-08T10:19:47","slug":"publikationen","status":"publish","type":"page","link":"https:\/\/martina-gerdts.de\/pt\/publikationen\/","title":{"rendered":"Publikationen"},"content":{"rendered":"\n<p><strong>Linguistische Artikel<\/strong><\/p>\n\n\n\n<h4 class=\"wp-block-heading\"><strong>Artikel \u2022 2024 \u2022<strong> Gerdts, Martina &amp; Goldbach, Maria \u2022<\/strong> <\/strong>Manuskript auf LingBuzz.net.<\/h4>\n\n\n\n<p><em>Considerations on restrictive relative clauses and adjunction in Modern Italian and Portuguese and Standard German<\/em>, Manuskript, Hamburg: Universit\u00e4t Hamburg. Zug\u00e4nglich \u00fcber: LingBuzz.net (Article Archive), <a href=\"https:\/\/lingbuzz.net\/lingbuzz\/007945\" target=\"_blank\" rel=\"noreferrer noopener\">https:\/\/lingbuzz.net\/lingbuzz\/007945.<\/a><\/p>\n\n\n\n<h4 class=\"wp-block-heading\"><strong>Artikel \u2022 2023 \u2022<strong> Gerdts, Martina &amp; Goldbach, Maria \u2022<\/strong> <\/strong>Manuskript auf LingBuzz.net.<\/h4>\n\n\n\n<p><em>Categories in the Left Periphery, Polarity, and Negation in modern Italian and European Portuguese (with some comparison to Brazilian Portuguese)<\/em>, Manuskript, Hamburg: Universit\u00e4t Hamburg. Zug\u00e4nglich \u00fcber: LingBuzz.net (Article Archive), <a href=\"https:\/\/lingbuzz.net\/lingbuzz\/007908\" target=\"_blank\" rel=\"noreferrer noopener\">https:\/\/lingbuzz.net\/lingbuzz\/007908<\/a>.<\/p>\n\n\n\n<p><\/p>\n\n\n\n<p><strong>Rezensionen<\/strong><\/p>\n\n\n\n<h4 class=\"wp-block-heading\"><strong>Buchrezension \u2022 2022 \u2022<strong> Cinque (2020) \u2022<\/strong> The LINGUIST List, online<\/strong>.<\/h4>\n\n\n\n<p>[Review von Cinque (2020): <em>The Syntax of Relative Clauses: A Unified Analysis,<\/em> Cambridge University Press], in: <em>The LINGUIST List<\/em>, List 33.1463, <a href=\"https:\/\/linguistlist.org\/issues\/33\/33-1463\/\">https:\/\/linguistlist.org\/issues\/33\/33-1463\/<\/a>. Newsletter vom 25.4.2022.<\/p>\n\n\n\n<p><\/p>\n\n\n\n<p><strong>Wissenschaftskommunikation<\/strong><\/p>\n\n\n\n<h4 class=\"wp-block-heading\"><strong>Blog-Beitrag \u2022 09.01.2024 \u2022 Language at Play, online<\/strong>.<\/h4>\n\n\n\n<p>Titel: \u201eWie kann mehrsprachiges Gaming aussehen?\u201c, in: Wagner, Pascal (ed), <em>LanguageAtPlay.de<\/em>, <a href=\"https:\/\/languageatplay.de\/2024\/01\/09\/wie-kann-mehrsprachiges-gaming-aussehen\/\">https:\/\/languageatplay.de\/2024\/01\/09\/wie-kann-mehrsprachiges-gaming-aussehen\/<\/a>. <\/p>\n\n\n\n<p><\/p>\n\n\n\n<h4 class=\"wp-block-heading\"><strong>Blog-Beitrag \u2022 21.03.2023 \u2022 Language at Play, online<\/strong>.<\/h4>\n\n\n\n<p>Titel: \u201eWas passiert, wenn eine Linguistin an einem Schachbrett sitzt?\u201c, in: Wagner, Pascal (ed), <em>LanguageAtPlay.de<\/em>, <a href=\"https:\/\/languageatplay.de\/2023\/03\/21\/was-passiert-wenn-eine-linguistin-an-einem-schachbrett-sitzt\/\" target=\"_blank\" rel=\"noreferrer noopener\">https:\/\/languageatplay.de\/2023\/03\/21\/was-passiert-wenn-eine-linguistin-an-einem-schachbrett-sitzt\/<\/a>. <\/p>\n\n\n\n<p>Thema: Das Schachspiel und Parallelen zur wissenschaftlichen Arbeit (beispielsweise in der Linguistik).<\/p>\n\n\n\n<h4 class=\"wp-block-heading\"><strong>Interview \u2022 Oktober 2022 \u2022 COZIL (LSA committee on LGBTQ+[Z] issues, online<\/strong>.<\/h4>\n\n\n\n<p>Titel: \u201eAn interview with Arnold Zwicky\u201c, in: VanderStouwe, Chris and Crowley, Archie (ed): LGBTQ+ History Month, <em>linguisticsociety.org COZIL blog posts<\/em>, <a href=\"https:\/\/www.linguisticsociety.org\/content\/interview-arnold-zwicky\">https:\/\/www.linguisticsociety.org\/content\/interview-arnold-zwicky<\/a>.<\/p>\n\n\n\n<p><\/p>\n\n\n\n<h4 class=\"wp-block-heading\"><strong>Blog-Beitrag \u2022 17.05.2021 \u2022 Language at Play, online<\/strong>.<\/h4>\n\n\n\n<p>Titel: \u201eWas k\u00f6nnen wir vom Gaming lernen? Wie online Veranstaltungen einfacher ertr\u00e4glich werden\u201c, in: Wagner, Pascal (ed), <em>LanguageAtPlay.de<\/em>, <a href=\"https:\/\/languageatplay.de\/2021\/05\/17\/was-koennen-wir-vom-gaming-lernen-wie-online-veranstaltungen-einfacher-ertraeglich-werden\/\">https:\/\/languageatplay.de\/2021\/05\/17\/was-koennen-wir-vom-gaming-lernen-wie-online-veranstaltungen-einfacher-ertraeglich-werden\/<\/a>. <\/p>\n\n\n\n<p>Thema: Chancen f\u00fcr digitale Veranstaltungen in Universit\u00e4ten mit Blick auf den Gaming Bereich.<\/p>\n\n\n\n<p><\/p>\n\n\n\n<h4 class=\"wp-block-heading\"><strong>Tutorien-Leitfaden <\/strong><strong>\u2022 16.03.2021<\/strong><strong> \u2022 Arbeitsstelle Studium &amp; Beruf, Fakult\u00e4t f\u00fcr Geisteswissenschaften, Universit\u00e4t Hamburg, Deutschland, online<\/strong>.<\/h4>\n\n\n\n<p>Bauer, Sarah &amp; Bl\u00fcthmann, Nadia &amp; Bonke, Julia &amp; Gerdts, Martina &amp; Haars, Martin &amp; Hollingsworth, Jonas &amp; Lauw, Madeleine &amp; Mpadanes, Elena Georgia &amp; Rothe, Christine &amp; Schmidt, Julia &amp; Zander, Fabian, 2021. <em>Pl\u00f6tzlich Tutor:in: Der Praxis-Leitfaden von Tutor:innen f\u00fcr Tutor:innen<\/em>, Hamburg: Arbeitsstelle Studium &amp; Beruf, Universit\u00e4t Hamburg. <a href=\"https:\/\/www.slm.uni-hamburg.de\/astub\/ueber-die-astub\/aktuelles\/2021\/ratgeber-tutor-innen.html\">https:\/\/www.slm.uni-hamburg.de\/astub\/ueber-die-astub\/aktuelles\/2021\/ratgeber-tutor-innen.html<\/a> .<\/p>\n","protected":false},"excerpt":{"rendered":"<p>Linguistische Artikel Artikel \u2022 2024 \u2022 Gerdts, Martina &amp; Goldbach, Maria \u2022 Manuskript auf LingBuzz.net. Considerations on restrictive relative clauses and adjunction in Modern Italian and Portuguese and Standard German, Manuskript, Hamburg: Universit\u00e4t Hamburg. Zug\u00e4nglich \u00fcber: LingBuzz.net (Article Archive), https:\/\/lingbuzz.net\/lingbuzz\/007945. Artikel \u2022 2023 \u2022 Gerdts, Martina &amp; Goldbach, Maria \u2022 Manuskript auf LingBuzz.net. Categories in &hellip; <\/p>\n<p class=\"link-more\"><a href=\"https:\/\/martina-gerdts.de\/pt\/publikationen\/\" class=\"more-link\">Continue reading<span class=\"screen-reader-text\"> &#8220;Publikationen&#8221;<\/span><\/a><\/p>\n","protected":false},"author":1,"featured_media":0,"parent":0,"menu_order":0,"comment_status":"closed","ping_status":"closed","template":"","meta":{"footnotes":""},"class_list":["post-376","page","type-page","status-publish","hentry"],"translation":{"provider":"WPGlobus","version":"3.0.2","language":"pt","enabled_languages":["de","en","pt"],"languages":{"de":{"title":true,"content":true,"excerpt":false},"en":{"title":false,"content":false,"excerpt":false},"pt":{"title":false,"content":false,"excerpt":false}}},"_links":{"self":[{"href":"https:\/\/martina-gerdts.de\/pt\/wp-json\/wp\/v2\/pages\/376","targetHints":{"allow":["GET"]}}],"collection":[{"href":"https:\/\/martina-gerdts.de\/pt\/wp-json\/wp\/v2\/pages"}],"about":[{"href":"https:\/\/martina-gerdts.de\/pt\/wp-json\/wp\/v2\/types\/page"}],"author":[{"embeddable":true,"href":"https:\/\/martina-gerdts.de\/pt\/wp-json\/wp\/v2\/users\/1"}],"replies":[{"embeddable":true,"href":"https:\/\/martina-gerdts.de\/pt\/wp-json\/wp\/v2\/comments?post=376"}],"version-history":[{"count":14,"href":"https:\/\/martina-gerdts.de\/pt\/wp-json\/wp\/v2\/pages\/376\/revisions"}],"predecessor-version":[{"id":1133,"href":"https:\/\/martina-gerdts.de\/pt\/wp-json\/wp\/v2\/pages\/376\/revisions\/1133"}],"wp:attachment":[{"href":"https:\/\/martina-gerdts.de\/pt\/wp-json\/wp\/v2\/media?parent=376"}],"curies":[{"name":"wp","href":"https:\/\/api.w.org\/{rel}","templated":true}]}}