{"id":52,"date":"2021-01-11T12:44:33","date_gmt":"2021-01-11T12:44:33","guid":{"rendered":"https:\/\/martina-gerdts.de\/?page_id=52"},"modified":"2022-03-25T15:14:36","modified_gmt":"2022-03-25T14:14:36","slug":"impressum","status":"publish","type":"page","link":"https:\/\/martina-gerdts.de\/pt\/impressum\/","title":{"rendered":"Contacto official"},"content":{"rendered":"\n<p><strong>Impressum<\/strong><\/p>\n\n\n\n<p>Respons\u00e1vel pela website: Martina Gerdts<\/p>\n\n\n\n<p>Endere\u00e7o: Vorfeldstra\u00dfe 15, 21717 Fredenbeck-Wedel, Alemanha (Germany)<\/p>\n\n\n\n<p>E-Mail: <a href=\"mailto:sprachlabor@martina-gerdts.de\">sprachlabor@martina-gerdts.de<\/a><\/p>\n","protected":false},"excerpt":{"rendered":"<p>Impressum Respons\u00e1vel pela website: Martina Gerdts Endere\u00e7o: Vorfeldstra\u00dfe 15, 21717 Fredenbeck-Wedel, Alemanha (Germany) E-Mail: sprachlabor@martina-gerdts.de<\/p>\n","protected":false},"author":1,"featured_media":0,"parent":0,"menu_order":0,"comment_status":"closed","ping_status":"closed","template":"","meta":{"footnotes":""},"class_list":["post-52","page","type-page","status-publish","hentry"],"translation":{"provider":"WPGlobus","version":"3.0.2","language":"pt","enabled_languages":["de","en","pt"],"languages":{"de":{"title":true,"content":true,"excerpt":false},"en":{"title":true,"content":true,"excerpt":false},"pt":{"title":true,"content":true,"excerpt":false}}},"_links":{"self":[{"href":"https:\/\/martina-gerdts.de\/pt\/wp-json\/wp\/v2\/pages\/52","targetHints":{"allow":["GET"]}}],"collection":[{"href":"https:\/\/martina-gerdts.de\/pt\/wp-json\/wp\/v2\/pages"}],"about":[{"href":"https:\/\/martina-gerdts.de\/pt\/wp-json\/wp\/v2\/types\/page"}],"author":[{"embeddable":true,"href":"https:\/\/martina-gerdts.de\/pt\/wp-json\/wp\/v2\/users\/1"}],"replies":[{"embeddable":true,"href":"https:\/\/martina-gerdts.de\/pt\/wp-json\/wp\/v2\/comments?post=52"}],"version-history":[{"count":7,"href":"https:\/\/martina-gerdts.de\/pt\/wp-json\/wp\/v2\/pages\/52\/revisions"}],"predecessor-version":[{"id":642,"href":"https:\/\/martina-gerdts.de\/pt\/wp-json\/wp\/v2\/pages\/52\/revisions\/642"}],"wp:attachment":[{"href":"https:\/\/martina-gerdts.de\/pt\/wp-json\/wp\/v2\/media?parent=52"}],"curies":[{"name":"wp","href":"https:\/\/api.w.org\/{rel}","templated":true}]}}