{"id":631,"date":"2022-03-23T22:57:40","date_gmt":"2022-03-23T21:57:40","guid":{"rendered":"https:\/\/martina-gerdts.de\/?page_id=631"},"modified":"2022-03-23T22:57:40","modified_gmt":"2022-03-23T21:57:40","slug":"sprachtandem","status":"publish","type":"page","link":"https:\/\/martina-gerdts.de\/pt\/sprachenlernen\/sprachtandem\/","title":{"rendered":"Sprachtandem"},"content":{"rendered":"\n<p>Es gibt viele Methoden, die beim Sprachenlernen helfen k\u00f6nnen. Sprachunterricht nehmen, sich allein mit Lernmaterial auseinandersetzen und Texte und andere Medien in einer anderen Sprache erstellen, sind Beispiele daf\u00fcr, wie man Sprachen \u00fcben kann. Um in einer Sprache kommunizieren zu k\u00f6nnen &#8211; und um <strong>beim Lernen nicht dauerhaft allein zu sein<\/strong> &#8211; kann es hilfreich sein, sich mit Personen zusammenzutun, die auch gerade dabei sind, eine Sprache zu lernen. Bei Sprachtandems treffen sich in der Regel zwei Personen, die <strong>jeweils die Sprache der anderen Person lernen.<\/strong> Wenn ich z.B. Portugiesisch lerne, versuche ich eine Person zu finden, die Portugiesisch spricht und Deutsch lernen m\u00f6chte. Es geht aber auch, dass sich Personen, <strong>die dieselbe Sprache lernen,<\/strong> treffen und denn diese Sprache miteinander verwenden. <\/p>\n\n\n\n<p>Es gibt einige Seiten mit Materialien f\u00fcr erfolgreiche Sprachtandems. Wenn ihr da etwas auf Englisch suchen wollt, w\u00fcrde ich die Begriffe <strong>&#8220;language exchange&#8221; oder &#8220;language meetup&#8221; <\/strong>verwenden. Bei letzterem kann es sein, dass da eher Gruppentreffen angepriesen wird, aber vielleicht ist das auch eher etwas, was f\u00fcr euch pers\u00f6nlich passt?<\/p>\n\n\n\n<p>Ich selber habe auch schon an einigen Sprachtandems teilgenommen. <strong>Das aktuellste ist nun mit Arantxa<\/strong>. Wir nutzen die <strong>Sprachkombination Portugiesisch &#8211; Deutsch<\/strong>. Wenn wir uns treffen, versuchen wir die H\u00e4lfte der Zeit in der einen Sprache zu sprechen und in der anderen H\u00e4lfte der Zeit in der anderen Sprache zu sprechen. <\/p>\n\n\n\n<p>Wenn ihr neugierig geworden seit, was wir da machen, guckt mal in meinen <strong>Blog<\/strong> rein. Dort gibt es bereits das <a href=\"https:\/\/martina-gerdts.de\/sprachtandem-portugiesisch-deutsch-treffen-1\/\">erste Update zu unserem Deutsch-Portugiesisch Sprachtandem<\/a>.<\/p>\n","protected":false},"excerpt":{"rendered":"<p>Es gibt viele Methoden, die beim Sprachenlernen helfen k\u00f6nnen. Sprachunterricht nehmen, sich allein mit Lernmaterial auseinandersetzen und Texte und andere Medien in einer anderen Sprache erstellen, sind Beispiele daf\u00fcr, wie man Sprachen \u00fcben kann. Um in einer Sprache kommunizieren zu k\u00f6nnen &#8211; und um beim Lernen nicht dauerhaft allein zu sein &#8211; kann es hilfreich &hellip; <\/p>\n<p class=\"link-more\"><a href=\"https:\/\/martina-gerdts.de\/pt\/sprachenlernen\/sprachtandem\/\" class=\"more-link\">Continue reading<span class=\"screen-reader-text\"> &#8220;Sprachtandem&#8221;<\/span><\/a><\/p>\n","protected":false},"author":1,"featured_media":0,"parent":265,"menu_order":0,"comment_status":"closed","ping_status":"closed","template":"","meta":{"footnotes":""},"class_list":["post-631","page","type-page","status-publish","hentry"],"translation":{"provider":"WPGlobus","version":"3.0.2","language":"pt","enabled_languages":["de","en","pt"],"languages":{"de":{"title":true,"content":true,"excerpt":false},"en":{"title":false,"content":false,"excerpt":false},"pt":{"title":false,"content":false,"excerpt":false}}},"_links":{"self":[{"href":"https:\/\/martina-gerdts.de\/pt\/wp-json\/wp\/v2\/pages\/631","targetHints":{"allow":["GET"]}}],"collection":[{"href":"https:\/\/martina-gerdts.de\/pt\/wp-json\/wp\/v2\/pages"}],"about":[{"href":"https:\/\/martina-gerdts.de\/pt\/wp-json\/wp\/v2\/types\/page"}],"author":[{"embeddable":true,"href":"https:\/\/martina-gerdts.de\/pt\/wp-json\/wp\/v2\/users\/1"}],"replies":[{"embeddable":true,"href":"https:\/\/martina-gerdts.de\/pt\/wp-json\/wp\/v2\/comments?post=631"}],"version-history":[{"count":1,"href":"https:\/\/martina-gerdts.de\/pt\/wp-json\/wp\/v2\/pages\/631\/revisions"}],"predecessor-version":[{"id":632,"href":"https:\/\/martina-gerdts.de\/pt\/wp-json\/wp\/v2\/pages\/631\/revisions\/632"}],"up":[{"embeddable":true,"href":"https:\/\/martina-gerdts.de\/pt\/wp-json\/wp\/v2\/pages\/265"}],"wp:attachment":[{"href":"https:\/\/martina-gerdts.de\/pt\/wp-json\/wp\/v2\/media?parent=631"}],"curies":[{"name":"wp","href":"https:\/\/api.w.org\/{rel}","templated":true}]}}