{"id":788,"date":"2022-08-14T12:15:20","date_gmt":"2022-08-14T11:15:20","guid":{"rendered":"https:\/\/martina-gerdts.de\/?page_id=788"},"modified":"2022-08-14T12:15:21","modified_gmt":"2022-08-14T11:15:21","slug":"vortraege","status":"publish","type":"page","link":"https:\/\/martina-gerdts.de\/pt\/vortraege\/","title":{"rendered":"Vortr\u00e4ge"},"content":{"rendered":"\n<p>Hier ist eine \u00dcbersicht zu den Vortr\u00e4gen, die ich bereits gehalten habe. Hier\u00fcber ist es auch m\u00f6glich Zugang zu Materialien zu bekommen.<\/p>\n","protected":false},"excerpt":{"rendered":"<p>Hier ist eine \u00dcbersicht zu den Vortr\u00e4gen, die ich bereits gehalten habe. Hier\u00fcber ist es auch m\u00f6glich Zugang zu Materialien zu bekommen.<\/p>\n","protected":false},"author":1,"featured_media":0,"parent":0,"menu_order":0,"comment_status":"closed","ping_status":"closed","template":"","meta":{"footnotes":""},"class_list":["post-788","page","type-page","status-publish","hentry"],"translation":{"provider":"WPGlobus","version":"3.0.2","language":"pt","enabled_languages":["de","en","pt"],"languages":{"de":{"title":true,"content":true,"excerpt":false},"en":{"title":false,"content":false,"excerpt":false},"pt":{"title":false,"content":false,"excerpt":false}}},"_links":{"self":[{"href":"https:\/\/martina-gerdts.de\/pt\/wp-json\/wp\/v2\/pages\/788","targetHints":{"allow":["GET"]}}],"collection":[{"href":"https:\/\/martina-gerdts.de\/pt\/wp-json\/wp\/v2\/pages"}],"about":[{"href":"https:\/\/martina-gerdts.de\/pt\/wp-json\/wp\/v2\/types\/page"}],"author":[{"embeddable":true,"href":"https:\/\/martina-gerdts.de\/pt\/wp-json\/wp\/v2\/users\/1"}],"replies":[{"embeddable":true,"href":"https:\/\/martina-gerdts.de\/pt\/wp-json\/wp\/v2\/comments?post=788"}],"version-history":[{"count":1,"href":"https:\/\/martina-gerdts.de\/pt\/wp-json\/wp\/v2\/pages\/788\/revisions"}],"predecessor-version":[{"id":790,"href":"https:\/\/martina-gerdts.de\/pt\/wp-json\/wp\/v2\/pages\/788\/revisions\/790"}],"wp:attachment":[{"href":"https:\/\/martina-gerdts.de\/pt\/wp-json\/wp\/v2\/media?parent=788"}],"curies":[{"name":"wp","href":"https:\/\/api.w.org\/{rel}","templated":true}]}}