{"id":941,"date":"2023-03-04T13:52:35","date_gmt":"2023-03-04T12:52:35","guid":{"rendered":"https:\/\/martina-gerdts.de\/?page_id=941"},"modified":"2023-03-04T13:52:36","modified_gmt":"2023-03-04T12:52:36","slug":"portugiesisch-fuer-die-reise","status":"publish","type":"page","link":"https:\/\/martina-gerdts.de\/pt\/portugiesisch-fuer-die-reise\/","title":{"rendered":"Portugiesisch f\u00fcr die Reise"},"content":{"rendered":"\n<p>F\u00fcr das Sprachenlernen gibt es eine sehr diverse Mischung an Motivationen. Eine, die dabei h\u00e4ufig vorkommt, ist das Reisen. Vielleicht steht eine Gesch\u00e4ftsreise nach Lissabon an oder der Sohn heiratet in Rio de Janeiro, vielleicht geht es aber auch um eine Reise f\u00fcr den Strandurlaub in der Algarve. <\/p>\n\n\n\n<p>Um eine Sprache f\u00fcr viele Situationen, auf die wir unterwegs treffen k\u00f6nnten, vorbereitet zu sein, sollte man einiges an Zeit und Energie einplanen. Philosophische Gespr\u00e4che \u00fcber den Sinn des Lebens lassen sich nicht nach einmaligem Lernen f\u00fchren, hierf\u00fcr empfehlen sich Sprachkurse und eigenst\u00e4ndiges Lernen mit Materialien und Menschen. Um aber schonmal eine kleine Orientierung auf der Reise zu bekommen, die ansonsten vielleicht mit einer Reisegruppe oder mithilfe einer anderen Sprache ansonsten gef\u00fchrt wird, habe ich eine kleine Seite mit hilfreichen W\u00f6rtern f\u00fcr die Reise in portugiesischsprachigen Regionen zusammengestellt.  Aber Achtung! Jede Region hat ihre eigenen Besonderheiten. Das bedeutet auch, dass ein Wort eventuell in Lissabon direkt verstanden wird, aber in Luanda so nicht verwendet wird. <\/p>\n\n\n\n<p>Hier geht&#8217;s zur Datei:<\/p>\n\n\n\n<div data-wp-interactive=\"core\/file\" class=\"wp-block-file\"><object data-wp-bind--hidden=\"!state.hasPdfPreview\" hidden class=\"wp-block-file__embed\" data=\"https:\/\/martina-gerdts.de\/wp-content\/uploads\/2023\/03\/Portugiesisch_Reise_Cheatsheet.pdf\" type=\"application\/pdf\" style=\"width:100%;height:600px\" aria-label=\"Embed of Portugiesisch_Reise_Cheatsheet.\"><\/object><a id=\"wp-block-file--media-af1e5836-2156-472f-9269-8f1295ef272d\" href=\"https:\/\/martina-gerdts.de\/wp-content\/uploads\/2023\/03\/Portugiesisch_Reise_Cheatsheet.pdf\">Portugiesisch_Reise_Cheatsheet<\/a><a href=\"https:\/\/martina-gerdts.de\/wp-content\/uploads\/2023\/03\/Portugiesisch_Reise_Cheatsheet.pdf\" class=\"wp-block-file__button wp-element-button\" download aria-describedby=\"wp-block-file--media-af1e5836-2156-472f-9269-8f1295ef272d\">Herunterladen<\/a><\/div>\n","protected":false},"excerpt":{"rendered":"<p>F\u00fcr das Sprachenlernen gibt es eine sehr diverse Mischung an Motivationen. Eine, die dabei h\u00e4ufig vorkommt, ist das Reisen. Vielleicht steht eine Gesch\u00e4ftsreise nach Lissabon an oder der Sohn heiratet in Rio de Janeiro, vielleicht geht es aber auch um eine Reise f\u00fcr den Strandurlaub in der Algarve. Um eine Sprache f\u00fcr viele Situationen, auf &hellip; <\/p>\n<p class=\"link-more\"><a href=\"https:\/\/martina-gerdts.de\/pt\/portugiesisch-fuer-die-reise\/\" class=\"more-link\">Continue reading<span class=\"screen-reader-text\"> &#8220;Portugiesisch f\u00fcr die Reise&#8221;<\/span><\/a><\/p>\n","protected":false},"author":1,"featured_media":0,"parent":0,"menu_order":0,"comment_status":"closed","ping_status":"closed","template":"","meta":{"footnotes":""},"class_list":["post-941","page","type-page","status-publish","hentry"],"translation":{"provider":"WPGlobus","version":"3.0.2","language":"pt","enabled_languages":["de","en","pt"],"languages":{"de":{"title":true,"content":true,"excerpt":false},"en":{"title":false,"content":false,"excerpt":false},"pt":{"title":false,"content":false,"excerpt":false}}},"_links":{"self":[{"href":"https:\/\/martina-gerdts.de\/pt\/wp-json\/wp\/v2\/pages\/941","targetHints":{"allow":["GET"]}}],"collection":[{"href":"https:\/\/martina-gerdts.de\/pt\/wp-json\/wp\/v2\/pages"}],"about":[{"href":"https:\/\/martina-gerdts.de\/pt\/wp-json\/wp\/v2\/types\/page"}],"author":[{"embeddable":true,"href":"https:\/\/martina-gerdts.de\/pt\/wp-json\/wp\/v2\/users\/1"}],"replies":[{"embeddable":true,"href":"https:\/\/martina-gerdts.de\/pt\/wp-json\/wp\/v2\/comments?post=941"}],"version-history":[{"count":1,"href":"https:\/\/martina-gerdts.de\/pt\/wp-json\/wp\/v2\/pages\/941\/revisions"}],"predecessor-version":[{"id":944,"href":"https:\/\/martina-gerdts.de\/pt\/wp-json\/wp\/v2\/pages\/941\/revisions\/944"}],"wp:attachment":[{"href":"https:\/\/martina-gerdts.de\/pt\/wp-json\/wp\/v2\/media?parent=941"}],"curies":[{"name":"wp","href":"https:\/\/api.w.org\/{rel}","templated":true}]}}